{"id":753,"date":"2019-08-06T09:38:06","date_gmt":"2019-08-06T07:38:06","guid":{"rendered":"http:\/\/reconversionscsc.be\/index.php\/login\/"},"modified":"2019-09-04T12:02:08","modified_gmt":"2019-09-04T10:02:08","slug":"login","status":"publish","type":"page","link":"https:\/\/reconversionscsc.be\/index.php\/login\/","title":{"rendered":"Connexion"},"content":{"rendered":"\t\t<div data-elementor-type=\"wp-post\" data-elementor-id=\"753\" class=\"elementor elementor-753\">\n\t\t\t\t\t\t<div class=\"elementor-inner\">\n\t\t\t\t<div class=\"elementor-section-wrap\">\n\t\t\t\t\t\t\t\t\t<section class=\"elementor-section elementor-top-section elementor-element elementor-element-6767249 elementor-section-stretched elementor-section-boxed elementor-section-height-default elementor-section-height-default\" data-id=\"6767249\" data-element_type=\"section\" data-settings=\"{&quot;stretch_section&quot;:&quot;section-stretched&quot;,&quot;background_background&quot;:&quot;classic&quot;}\">\n\t\t\t\t\t\t<div class=\"elementor-container elementor-column-gap-default\">\n\t\t\t\t\t\t\t<div class=\"elementor-row\">\n\t\t\t\t\t<div class=\"elementor-column elementor-col-100 elementor-top-column elementor-element elementor-element-ec2a241\" data-id=\"ec2a241\" data-element_type=\"column\">\n\t\t\t<div class=\"elementor-column-wrap elementor-element-populated\">\n\t\t\t\t\t\t\t<div class=\"elementor-widget-wrap\">\n\t\t\t\t\t\t<div class=\"elementor-element elementor-element-f783fef elementor-widget elementor-widget-heading\" data-id=\"f783fef\" data-element_type=\"widget\" data-widget_type=\"heading.default\">\n\t\t\t\t<div class=\"elementor-widget-container\">\n\t\t\t<h2 class=\"elementor-heading-title elementor-size-default\">Connexion<\/h2>\t\t<\/div>\n\t\t\t\t<\/div>\n\t\t\t\t\t\t<\/div>\n\t\t\t\t\t<\/div>\n\t\t<\/div>\n\t\t\t\t\t\t\t\t<\/div>\n\t\t\t\t\t<\/div>\n\t\t<\/section>\n\t\t\t\t<section class=\"elementor-section elementor-top-section elementor-element elementor-element-fc5c2dc elementor-section-boxed elementor-section-height-default elementor-section-height-default\" data-id=\"fc5c2dc\" data-element_type=\"section\">\n\t\t\t\t\t\t<div class=\"elementor-container elementor-column-gap-default\">\n\t\t\t\t\t\t\t<div class=\"elementor-row\">\n\t\t\t\t\t<div class=\"elementor-column elementor-col-100 elementor-top-column elementor-element elementor-element-e3492bd\" data-id=\"e3492bd\" data-element_type=\"column\">\n\t\t\t<div class=\"elementor-column-wrap elementor-element-populated\">\n\t\t\t\t\t\t\t<div class=\"elementor-widget-wrap\">\n\t\t\t\t\t\t<div class=\"elementor-element elementor-element-19e2c00 elementor-widget elementor-widget-spacer\" data-id=\"19e2c00\" data-element_type=\"widget\" data-widget_type=\"spacer.default\">\n\t\t\t\t<div class=\"elementor-widget-container\">\n\t\t\t\t\t<div class=\"elementor-spacer\">\n\t\t\t<div class=\"elementor-spacer-inner\"><\/div>\n\t\t<\/div>\n\t\t\t\t<\/div>\n\t\t\t\t<\/div>\n\t\t\t\t\t\t<\/div>\n\t\t\t\t\t<\/div>\n\t\t<\/div>\n\t\t\t\t\t\t\t\t<\/div>\n\t\t\t\t\t<\/div>\n\t\t<\/section>\n\t\t\t\t<section class=\"elementor-section elementor-top-section elementor-element elementor-element-7973de3e elementor-section-boxed elementor-section-height-default elementor-section-height-default\" data-id=\"7973de3e\" data-element_type=\"section\">\n\t\t\t\t\t\t<div class=\"elementor-container elementor-column-gap-default\">\n\t\t\t\t\t\t\t<div class=\"elementor-row\">\n\t\t\t\t\t<div class=\"elementor-column elementor-col-100 elementor-top-column elementor-element elementor-element-61a28373\" data-id=\"61a28373\" data-element_type=\"column\">\n\t\t\t<div class=\"elementor-column-wrap elementor-element-populated\">\n\t\t\t\t\t\t\t<div class=\"elementor-widget-wrap\">\n\t\t\t\t\t\t<div class=\"elementor-element elementor-element-73842b14 elementor-widget elementor-widget-shortcode\" data-id=\"73842b14\" data-element_type=\"widget\" data-widget_type=\"shortcode.default\">\n\t\t\t\t<div class=\"elementor-widget-container\">\n\t\t\t\t\t<div class=\"elementor-shortcode\">\n<div class=\"um um-login um-749\">\n\n\t<div class=\"um-form\">\n\n\t\t<form method=\"post\" action=\"\" autocomplete=\"off\">\n\n\t\t\t<div class=\"um-row _um_row_1 \" style=\"margin: 0 0 30px 0;\"><div class=\"um-col-1\"><div  id=\"um_field_749_username\" class=\"um-field um-field-text  um-field-username um-field-text um-field-type_text\" data-key=\"username\"><div class=\"um-field-label\"><label for=\"username-749\">Identifiant ou e-mail<\/label><div class=\"um-clear\"><\/div><\/div><div class=\"um-field-area\"><input  autocomplete=\"off\" class=\"um-form-field valid \" type=\"text\" name=\"username-749\" id=\"username-749\" value=\"\" placeholder=\"\" data-validate=\"unique_username_or_email\" data-key=\"username\" \/>\n\n\t\t\t\t\t\t<\/div><\/div><div  id=\"um_field_749_user_password\" class=\"um-field um-field-password  um-field-user_password um-field-password um-field-type_password\" data-key=\"user_password\"><div class=\"um-field-label\"><label for=\"user_password-749\">Mot de passe<\/label><div class=\"um-clear\"><\/div><\/div><div class=\"um-field-area\"><input class=\"um-form-field valid \" type=\"password\" name=\"user_password-749\" id=\"user_password-749\" value=\"\" placeholder=\"\" data-validate=\"\" data-key=\"user_password\" \/>\n\n\t\t\t\t\t\t<\/div><\/div><\/div><\/div>\t\t<input type=\"hidden\" name=\"form_id\" id=\"form_id_749\" value=\"749\" \/>\n\t\n\t<p class=\"um_request_name\">\n\t\t<label for=\"um_request_749\">Only fill in if you are not human<\/label>\n\t\t<input type=\"hidden\" name=\"um_request\" id=\"um_request_749\" class=\"input\" value=\"\" size=\"25\" autocomplete=\"off\" \/>\n\t<\/p>\n\n\t<input type=\"hidden\" id=\"_wpnonce\" name=\"_wpnonce\" value=\"f4f08b2175\" \/><input type=\"hidden\" name=\"_wp_http_referer\" value=\"\/index.php\/wp-json\/wp\/v2\/pages\/753\" \/>\n\t<div class=\"um-col-alt\">\n\n\t\t\n\n\t\t\t<div class=\"um-field um-field-c\">\n\t\t\t\t<div class=\"um-field-area\">\n\t\t\t\t\t<label class=\"um-field-checkbox\">\n\t\t\t\t\t\t<input type=\"checkbox\" name=\"rememberme\" value=\"1\"  \/>\n\t\t\t\t\t\t<span class=\"um-field-checkbox-state\"><i class=\"um-icon-android-checkbox-outline-blank\"><\/i><\/span>\n\t\t\t\t\t\t<span class=\"um-field-checkbox-option\"> Se souvenir de moi<\/span>\n\t\t\t\t\t<\/label>\n\t\t\t\t<\/div>\n\t\t\t<\/div>\n\n\t\t\t\t\t\t<div class=\"um-clear\"><\/div>\n\t\t\n\t\t\t<div class=\"um-left um-half\">\n\t\t\t\t<input type=\"submit\" value=\"Connexion\" class=\"um-button\" id=\"um-submit-btn\" \/>\n\t\t\t<\/div>\n\t\t\t<div class=\"um-right um-half\">\n\t\t\t\t<a href=\"https:\/\/reconversionscsc.be\/index.php\/register\/\" class=\"um-button um-alt\">\n\t\t\t\t\tInscription\t\t\t\t<\/a>\n\t\t\t<\/div>\n\n\t\t\n\t\t<div class=\"um-clear\"><\/div>\n\n\t<\/div>\n\n\t\n\t<div class=\"um-col-alt-b\">\n\t\t<a href=\"https:\/\/reconversionscsc.be\/index.php\/password-reset\/\" class=\"um-link-alt\">\n\t\t\tMot de passe oubli\u00e9\u00a0?\t\t<\/a>\n\t<\/div>\n\n\t\n\t\t<\/form>\n\n\t<\/div>\n\n<\/div>\n<style>\n\t\t\t.um-749.um {\n\t\t\tmax-width: 450px;\n\t\t}\n\t\t<\/style>\n<\/div>\n\t\t\t\t<\/div>\n\t\t\t\t<\/div>\n\t\t\t\t\t\t<\/div>\n\t\t\t\t\t<\/div>\n\t\t<\/div>\n\t\t\t\t\t\t\t\t<\/div>\n\t\t\t\t\t<\/div>\n\t\t<\/section>\n\t\t\t\t<section class=\"elementor-section elementor-top-section elementor-element elementor-element-834772d elementor-section-stretched elementor-section-boxed elementor-section-height-default elementor-section-height-default\" data-id=\"834772d\" data-element_type=\"section\" data-settings=\"{&quot;stretch_section&quot;:&quot;section-stretched&quot;,&quot;background_background&quot;:&quot;classic&quot;}\">\n\t\t\t\t\t\t<div class=\"elementor-container elementor-column-gap-default\">\n\t\t\t\t\t\t\t<div class=\"elementor-row\">\n\t\t\t\t\t<div class=\"elementor-column elementor-col-100 elementor-top-column elementor-element elementor-element-388049f\" data-id=\"388049f\" data-element_type=\"column\">\n\t\t\t<div class=\"elementor-column-wrap\">\n\t\t\t\t\t\t\t<div class=\"elementor-widget-wrap\">\n\t\t\t\t\t\t\t\t<\/div>\n\t\t\t\t\t<\/div>\n\t\t<\/div>\n\t\t\t\t\t\t\t\t<\/div>\n\t\t\t\t\t<\/div>\n\t\t<\/section>\n\t\t\t\t<section class=\"elementor-section elementor-top-section elementor-element elementor-element-2a9c032 elementor-section-boxed elementor-section-height-default elementor-section-height-default\" data-id=\"2a9c032\" data-element_type=\"section\">\n\t\t\t\t\t\t<div class=\"elementor-container elementor-column-gap-default\">\n\t\t\t\t\t\t\t<div class=\"elementor-row\">\n\t\t\t\t\t<div class=\"elementor-column elementor-col-100 elementor-top-column elementor-element elementor-element-2158f06\" data-id=\"2158f06\" data-element_type=\"column\">\n\t\t\t<div class=\"elementor-column-wrap elementor-element-populated\">\n\t\t\t\t\t\t\t<div class=\"elementor-widget-wrap\">\n\t\t\t\t\t\t<div class=\"elementor-element elementor-element-c45afc8 elementor-widget elementor-widget-spacer\" data-id=\"c45afc8\" data-element_type=\"widget\" data-widget_type=\"spacer.default\">\n\t\t\t\t<div class=\"elementor-widget-container\">\n\t\t\t\t\t<div class=\"elementor-spacer\">\n\t\t\t<div class=\"elementor-spacer-inner\"><\/div>\n\t\t<\/div>\n\t\t\t\t<\/div>\n\t\t\t\t<\/div>\n\t\t\t\t\t\t<\/div>\n\t\t\t\t\t<\/div>\n\t\t<\/div>\n\t\t\t\t\t\t\t\t<\/div>\n\t\t\t\t\t<\/div>\n\t\t<\/section>\n\t\t\t\t<section class=\"elementor-section elementor-top-section elementor-element elementor-element-0440a56 elementor-section-stretched elementor-section-full_width elementor-section-height-default elementor-section-height-default\" data-id=\"0440a56\" data-element_type=\"section\" data-settings=\"{&quot;stretch_section&quot;:&quot;section-stretched&quot;}\">\n\t\t\t\t\t\t<div class=\"elementor-container elementor-column-gap-default\">\n\t\t\t\t\t\t\t<div class=\"elementor-row\">\n\t\t\t\t\t<div class=\"elementor-column elementor-col-11 elementor-top-column elementor-element elementor-element-1e5dbb6\" data-id=\"1e5dbb6\" data-element_type=\"column\">\n\t\t\t<div class=\"elementor-column-wrap\">\n\t\t\t\t\t\t\t<div class=\"elementor-widget-wrap\">\n\t\t\t\t\t\t\t\t<\/div>\n\t\t\t\t\t<\/div>\n\t\t<\/div>\n\t\t\t\t<div class=\"elementor-column elementor-col-11 elementor-top-column elementor-element elementor-element-ca5f89a\" data-id=\"ca5f89a\" data-element_type=\"column\">\n\t\t\t<div class=\"elementor-column-wrap elementor-element-populated\">\n\t\t\t\t\t\t\t<div class=\"elementor-widget-wrap\">\n\t\t\t\t\t\t<div class=\"elementor-element elementor-element-38068fd elementor-widget elementor-widget-text-editor\" data-id=\"38068fd\" data-element_type=\"widget\" data-widget_type=\"text-editor.default\">\n\t\t\t\t<div class=\"elementor-widget-container\">\n\t\t\t\t\t\t\t\t<div class=\"elementor-text-editor elementor-clearfix\">\n\t\t\t\t<p><span style=\"color: #14ab7a;\">CELLULES DE RECONVERSION<\/span><\/p><p><span style=\"color: #808080;\"><a style=\"color: #808080;\" href=\"http:\/\/reconversionscsc.be\/index.php\/les-cellules-de-reconversion\/\" target=\"_blank\" rel=\"noopener\">Qu&#8217;est-ce qu&#8217;une cellule ?<\/a><\/span><\/p><p><span style=\"color: #808080;\"><a style=\"color: #808080;\" href=\"http:\/\/reconversionscsc.be\/index.php\/activites-et-services\/\">Activit\u00e9s et services<\/a><\/span><\/p><p><span style=\"color: #808080;\"><a style=\"color: #808080;\" href=\"http:\/\/reconversionscsc.be\/index.php\/laccompagnement-2\/\">L&#8217;accompagnement<\/a><\/span><\/p><p><span style=\"color: #808080;\"><a style=\"color: #808080;\" href=\"http:\/\/reconversionscsc.be\/index.php\/le-partenariat\/\">Nos partenaires<\/a><\/span><\/p>\t\t\t\t\t<\/div>\n\t\t\t\t\t\t<\/div>\n\t\t\t\t<\/div>\n\t\t\t\t\t\t<\/div>\n\t\t\t\t\t<\/div>\n\t\t<\/div>\n\t\t\t\t<div class=\"elementor-column elementor-col-11 elementor-top-column elementor-element elementor-element-2461f5a\" data-id=\"2461f5a\" data-element_type=\"column\">\n\t\t\t<div class=\"elementor-column-wrap\">\n\t\t\t\t\t\t\t<div class=\"elementor-widget-wrap\">\n\t\t\t\t\t\t\t\t<\/div>\n\t\t\t\t\t<\/div>\n\t\t<\/div>\n\t\t\t\t<div class=\"elementor-column elementor-col-11 elementor-top-column elementor-element elementor-element-5341049\" data-id=\"5341049\" data-element_type=\"column\">\n\t\t\t<div class=\"elementor-column-wrap elementor-element-populated\">\n\t\t\t\t\t\t\t<div class=\"elementor-widget-wrap\">\n\t\t\t\t\t\t<div class=\"elementor-element elementor-element-a7f77da elementor-widget elementor-widget-text-editor\" data-id=\"a7f77da\" data-element_type=\"widget\" data-widget_type=\"text-editor.default\">\n\t\t\t\t<div class=\"elementor-widget-container\">\n\t\t\t\t\t\t\t\t<div class=\"elementor-text-editor elementor-clearfix\">\n\t\t\t\t<p><span style=\"color: #14ab7a;\">L&#8217;ANTICIPATION DE CHANGEMENT<\/span><\/p><p><span style=\"color: #808080;\"><a style=\"color: #808080;\" href=\"http:\/\/reconversionscsc.be\/index.php\/projets-europeens\/lanticipation\/conventions-collectives\/\">Anticiper le changement<\/a><\/span><\/p><p><span style=\"color: #808080;\"><a style=\"color: #808080;\" href=\"http:\/\/reconversionscsc.be\/index.php\/projets-europeens\/partenaires\/\">Les acteurs<\/a><\/span><\/p><p><span style=\"color: #808080;\"><a style=\"color: #808080;\" href=\"http:\/\/reconversionscsc.be\/index.php\/projets-europeens\/actions\/\">Bo\u00eete \u00e0 outils<\/a><\/span><\/p><p><span style=\"color: #808080;\"><a style=\"color: #808080;\" href=\"http:\/\/reconversionscsc.be\/index.php\/projets-europeens\/communaute\/\">Partager son exp\u00e9rience<\/a><\/span><\/p>\t\t\t\t\t<\/div>\n\t\t\t\t\t\t<\/div>\n\t\t\t\t<\/div>\n\t\t\t\t\t\t<\/div>\n\t\t\t\t\t<\/div>\n\t\t<\/div>\n\t\t\t\t<div class=\"elementor-column elementor-col-11 elementor-top-column elementor-element elementor-element-c805387\" data-id=\"c805387\" data-element_type=\"column\">\n\t\t\t<div class=\"elementor-column-wrap\">\n\t\t\t\t\t\t\t<div class=\"elementor-widget-wrap\">\n\t\t\t\t\t\t\t\t<\/div>\n\t\t\t\t\t<\/div>\n\t\t<\/div>\n\t\t\t\t<div class=\"elementor-column elementor-col-11 elementor-top-column elementor-element elementor-element-8e185dc\" data-id=\"8e185dc\" data-element_type=\"column\">\n\t\t\t<div class=\"elementor-column-wrap elementor-element-populated\">\n\t\t\t\t\t\t\t<div class=\"elementor-widget-wrap\">\n\t\t\t\t\t\t<div class=\"elementor-element elementor-element-512b7c2 elementor-widget elementor-widget-text-editor\" data-id=\"512b7c2\" data-element_type=\"widget\" data-widget_type=\"text-editor.default\">\n\t\t\t\t<div class=\"elementor-widget-container\">\n\t\t\t\t\t\t\t\t<div class=\"elementor-text-editor elementor-clearfix\">\n\t\t\t\t<p><span style=\"color: #14ab7a;\">NOUS CONTACTER<\/span><\/p>\t\t\t\t\t<\/div>\n\t\t\t\t\t\t<\/div>\n\t\t\t\t<\/div>\n\t\t\t\t<div class=\"elementor-element elementor-element-93a8ec9 elementor-icon-list--layout-traditional elementor-list-item-link-full_width elementor-widget elementor-widget-icon-list\" data-id=\"93a8ec9\" data-element_type=\"widget\" data-widget_type=\"icon-list.default\">\n\t\t\t\t<div class=\"elementor-widget-container\">\n\t\t\t\t\t<ul class=\"elementor-icon-list-items\">\n\t\t\t\t\t\t\t<li class=\"elementor-icon-list-item\">\n\t\t\t\t\t\t\t\t\t\t\t<span class=\"elementor-icon-list-icon\">\n\t\t\t\t\t\t\t<i aria-hidden=\"true\" class=\"far fa-envelope\"><\/i>\t\t\t\t\t\t<\/span>\n\t\t\t\t\t\t\t\t\t\t<span class=\"elementor-icon-list-text\">reconversionscsc@resoasbl.be<\/span>\n\t\t\t\t\t\t\t\t\t<\/li>\n\t\t\t\t\t\t\t\t<li class=\"elementor-icon-list-item\">\n\t\t\t\t\t\t\t\t\t\t\t<span class=\"elementor-icon-list-icon\">\n\t\t\t\t\t\t\t<i aria-hidden=\"true\" class=\"fas fa-phone-alt\"><\/i>\t\t\t\t\t\t<\/span>\n\t\t\t\t\t\t\t\t\t\t<span class=\"elementor-icon-list-text\">071\/23.08.09<\/span>\n\t\t\t\t\t\t\t\t\t<\/li>\n\t\t\t\t\t\t\t\t<li class=\"elementor-icon-list-item\">\n\t\t\t\t\t\t\t\t\t\t\t<span class=\"elementor-icon-list-icon\">\n\t\t\t\t\t\t\t<i aria-hidden=\"true\" class=\"fas fa-map-marker-alt\"><\/i>\t\t\t\t\t\t<\/span>\n\t\t\t\t\t\t\t\t\t\t<span class=\"elementor-icon-list-text\">5, rue Prunieau 6000 Charleroi<\/span>\n\t\t\t\t\t\t\t\t\t<\/li>\n\t\t\t\t\t\t<\/ul>\n\t\t\t\t<\/div>\n\t\t\t\t<\/div>\n\t\t\t\t\t\t<\/div>\n\t\t\t\t\t<\/div>\n\t\t<\/div>\n\t\t\t\t<div class=\"elementor-column elementor-col-11 elementor-top-column elementor-element elementor-element-8b44c09\" data-id=\"8b44c09\" data-element_type=\"column\">\n\t\t\t<div class=\"elementor-column-wrap\">\n\t\t\t\t\t\t\t<div class=\"elementor-widget-wrap\">\n\t\t\t\t\t\t\t\t<\/div>\n\t\t\t\t\t<\/div>\n\t\t<\/div>\n\t\t\t\t<div class=\"elementor-column elementor-col-11 elementor-top-column elementor-element elementor-element-2dbd7c6\" data-id=\"2dbd7c6\" data-element_type=\"column\">\n\t\t\t<div class=\"elementor-column-wrap elementor-element-populated\">\n\t\t\t\t\t\t\t<div class=\"elementor-widget-wrap\">\n\t\t\t\t\t\t<div class=\"elementor-element elementor-element-cb0f0ed elementor-widget elementor-widget-text-editor\" data-id=\"cb0f0ed\" data-element_type=\"widget\" data-widget_type=\"text-editor.default\">\n\t\t\t\t<div class=\"elementor-widget-container\">\n\t\t\t\t\t\t\t\t<div class=\"elementor-text-editor elementor-clearfix\">\n\t\t\t\t<p><span style=\"color: #14ab7a;\">REJOIGNEZ-NOUS !<\/span><\/p><p>Vous \u00eates d\u00e9l\u00e9gu\u00e9 syndical, accompagnateur social ? Inscrivez-vous \u00e0 notre site et b\u00e9n\u00e9ficiez d&#8217;outils qui vous aideront dans votre mission !<\/p>\t\t\t\t\t<\/div>\n\t\t\t\t\t\t<\/div>\n\t\t\t\t<\/div>\n\t\t\t\t<div class=\"elementor-element elementor-element-0701ebc elementor-align-left elementor-tablet-align-center elementor-mobile-align-center elementor-widget elementor-widget-button\" data-id=\"0701ebc\" data-element_type=\"widget\" data-widget_type=\"button.default\">\n\t\t\t\t<div class=\"elementor-widget-container\">\n\t\t\t\t\t<div class=\"elementor-button-wrapper\">\n\t\t\t<a href=\"http:\/\/reconversionscsc.be\/index.php\/register\/\" class=\"elementor-button-link elementor-button elementor-size-sm\" role=\"button\">\n\t\t\t\t\t\t<span class=\"elementor-button-content-wrapper\">\n\t\t\t\t\t\t\t<span class=\"elementor-button-icon elementor-align-icon-right\">\n\t\t\t\t<i aria-hidden=\"true\" class=\"fas fa-caret-right\"><\/i>\t\t\t<\/span>\n\t\t\t\t\t\t<span class=\"elementor-button-text\">Je m'inscris<\/span>\n\t\t<\/span>\n\t\t\t\t\t<\/a>\n\t\t<\/div>\n\t\t\t\t<\/div>\n\t\t\t\t<\/div>\n\t\t\t\t\t\t<\/div>\n\t\t\t\t\t<\/div>\n\t\t<\/div>\n\t\t\t\t<div class=\"elementor-column elementor-col-11 elementor-top-column elementor-element elementor-element-981872a\" data-id=\"981872a\" data-element_type=\"column\">\n\t\t\t<div class=\"elementor-column-wrap\">\n\t\t\t\t\t\t\t<div class=\"elementor-widget-wrap\">\n\t\t\t\t\t\t\t\t<\/div>\n\t\t\t\t\t<\/div>\n\t\t<\/div>\n\t\t\t\t\t\t\t\t<\/div>\n\t\t\t\t\t<\/div>\n\t\t<\/section>\n\t\t\t\t\t\t\t\t\t<\/div>\n\t\t\t<\/div>\n\t\t\t\t\t<\/div>\n\t\t","protected":false},"excerpt":{"rendered":"<p>Connexion CELLULES DE RECONVERSION Qu&#8217;est-ce qu&#8217;une cellule ? Activit\u00e9s et services L&#8217;accompagnement Nos partenaires L&#8217;ANTICIPATION DE CHANGEMENT Anticiper le changement Les acteurs Bo\u00eete \u00e0 outils Partager son exp\u00e9rience NOUS CONTACTER reconversionscsc@resoasbl.be 071\/23.08.09 5, rue Prunieau 6000 Charleroi REJOIGNEZ-NOUS ! Vous \u00eates d\u00e9l\u00e9gu\u00e9 syndical, accompagnateur social ? Inscrivez-vous \u00e0 notre site et b\u00e9n\u00e9ficiez d&#8217;outils qui vous&hellip;<\/p>\n","protected":false},"author":1,"featured_media":0,"parent":0,"menu_order":0,"comment_status":"closed","ping_status":"closed","template":"","meta":[],"yoast_head":"<!-- This site is optimized with the Yoast SEO plugin v20.2.1 - https:\/\/yoast.com\/wordpress\/plugins\/seo\/ -->\n<title>Cellules de reconversion - Connexion<\/title>\n<meta name=\"description\" content=\"Veuillez vous connecter \u00e0 votre compte pour avoir acc\u00e8s aux informations et outils des d\u00e9l\u00e9gu\u00e9s et accompagnateurs sociaux.\" \/>\n<meta name=\"robots\" content=\"index, follow, max-snippet:-1, max-image-preview:large, max-video-preview:-1\" \/>\n<link rel=\"canonical\" href=\"https:\/\/reconversionscsc.be\/index.php\/login\/\" \/>\n<meta property=\"og:locale\" content=\"fr_FR\" \/>\n<meta property=\"og:type\" content=\"article\" \/>\n<meta property=\"og:title\" content=\"Cellules de reconversion - Connexion\" \/>\n<meta property=\"og:description\" content=\"Veuillez vous connecter \u00e0 votre compte pour avoir acc\u00e8s aux informations et outils des d\u00e9l\u00e9gu\u00e9s et accompagnateurs sociaux.\" \/>\n<meta property=\"og:url\" content=\"https:\/\/reconversionscsc.be\/index.php\/login\/\" \/>\n<meta property=\"og:site_name\" content=\"Cellules de reconversion\" \/>\n<meta property=\"article:modified_time\" content=\"2019-09-04T10:02:08+00:00\" \/>\n<meta name=\"twitter:card\" content=\"summary_large_image\" \/>\n<script type=\"application\/ld+json\" class=\"yoast-schema-graph\">{\"@context\":\"https:\/\/schema.org\",\"@graph\":[{\"@type\":\"WebPage\",\"@id\":\"https:\/\/reconversionscsc.be\/index.php\/login\/\",\"url\":\"https:\/\/reconversionscsc.be\/index.php\/login\/\",\"name\":\"Cellules de reconversion - Connexion\",\"isPartOf\":{\"@id\":\"https:\/\/reconversionscsc.be\/#website\"},\"datePublished\":\"2019-08-06T07:38:06+00:00\",\"dateModified\":\"2019-09-04T10:02:08+00:00\",\"description\":\"Veuillez vous connecter \u00e0 votre compte pour avoir acc\u00e8s aux informations et outils des d\u00e9l\u00e9gu\u00e9s et accompagnateurs sociaux.\",\"breadcrumb\":{\"@id\":\"https:\/\/reconversionscsc.be\/index.php\/login\/#breadcrumb\"},\"inLanguage\":\"fr-FR\",\"potentialAction\":[{\"@type\":\"ReadAction\",\"target\":[\"https:\/\/reconversionscsc.be\/index.php\/login\/\"]}]},{\"@type\":\"BreadcrumbList\",\"@id\":\"https:\/\/reconversionscsc.be\/index.php\/login\/#breadcrumb\",\"itemListElement\":[{\"@type\":\"ListItem\",\"position\":1,\"name\":\"Accueil\",\"item\":\"https:\/\/reconversionscsc.be\/\"},{\"@type\":\"ListItem\",\"position\":2,\"name\":\"Connexion\"}]},{\"@type\":\"WebSite\",\"@id\":\"https:\/\/reconversionscsc.be\/#website\",\"url\":\"https:\/\/reconversionscsc.be\/\",\"name\":\"Cellules de reconversion\",\"description\":\"\",\"publisher\":{\"@id\":\"https:\/\/reconversionscsc.be\/#organization\"},\"potentialAction\":[{\"@type\":\"SearchAction\",\"target\":{\"@type\":\"EntryPoint\",\"urlTemplate\":\"https:\/\/reconversionscsc.be\/?s={search_term_string}\"},\"query-input\":\"required name=search_term_string\"}],\"inLanguage\":\"fr-FR\"},{\"@type\":\"Organization\",\"@id\":\"https:\/\/reconversionscsc.be\/#organization\",\"name\":\"Cellules de reconversion\",\"url\":\"https:\/\/reconversionscsc.be\/\",\"logo\":{\"@type\":\"ImageObject\",\"inLanguage\":\"fr-FR\",\"@id\":\"https:\/\/reconversionscsc.be\/#\/schema\/logo\/image\/\",\"url\":\"https:\/\/reconversionscsc.be\/wp-content\/uploads\/2019\/09\/cropped-Reso_logo-1.jpg\",\"contentUrl\":\"https:\/\/reconversionscsc.be\/wp-content\/uploads\/2019\/09\/cropped-Reso_logo-1.jpg\",\"width\":1106,\"height\":676,\"caption\":\"Cellules de reconversion\"},\"image\":{\"@id\":\"https:\/\/reconversionscsc.be\/#\/schema\/logo\/image\/\"}}]}<\/script>\n<!-- \/ Yoast SEO plugin. -->","yoast_head_json":{"title":"Cellules de reconversion - Connexion","description":"Veuillez vous connecter \u00e0 votre compte pour avoir acc\u00e8s aux informations et outils des d\u00e9l\u00e9gu\u00e9s et accompagnateurs sociaux.","robots":{"index":"index","follow":"follow","max-snippet":"max-snippet:-1","max-image-preview":"max-image-preview:large","max-video-preview":"max-video-preview:-1"},"canonical":"https:\/\/reconversionscsc.be\/index.php\/login\/","og_locale":"fr_FR","og_type":"article","og_title":"Cellules de reconversion - Connexion","og_description":"Veuillez vous connecter \u00e0 votre compte pour avoir acc\u00e8s aux informations et outils des d\u00e9l\u00e9gu\u00e9s et accompagnateurs sociaux.","og_url":"https:\/\/reconversionscsc.be\/index.php\/login\/","og_site_name":"Cellules de reconversion","article_modified_time":"2019-09-04T10:02:08+00:00","twitter_card":"summary_large_image","schema":{"@context":"https:\/\/schema.org","@graph":[{"@type":"WebPage","@id":"https:\/\/reconversionscsc.be\/index.php\/login\/","url":"https:\/\/reconversionscsc.be\/index.php\/login\/","name":"Cellules de reconversion - Connexion","isPartOf":{"@id":"https:\/\/reconversionscsc.be\/#website"},"datePublished":"2019-08-06T07:38:06+00:00","dateModified":"2019-09-04T10:02:08+00:00","description":"Veuillez vous connecter \u00e0 votre compte pour avoir acc\u00e8s aux informations et outils des d\u00e9l\u00e9gu\u00e9s et accompagnateurs sociaux.","breadcrumb":{"@id":"https:\/\/reconversionscsc.be\/index.php\/login\/#breadcrumb"},"inLanguage":"fr-FR","potentialAction":[{"@type":"ReadAction","target":["https:\/\/reconversionscsc.be\/index.php\/login\/"]}]},{"@type":"BreadcrumbList","@id":"https:\/\/reconversionscsc.be\/index.php\/login\/#breadcrumb","itemListElement":[{"@type":"ListItem","position":1,"name":"Accueil","item":"https:\/\/reconversionscsc.be\/"},{"@type":"ListItem","position":2,"name":"Connexion"}]},{"@type":"WebSite","@id":"https:\/\/reconversionscsc.be\/#website","url":"https:\/\/reconversionscsc.be\/","name":"Cellules de reconversion","description":"","publisher":{"@id":"https:\/\/reconversionscsc.be\/#organization"},"potentialAction":[{"@type":"SearchAction","target":{"@type":"EntryPoint","urlTemplate":"https:\/\/reconversionscsc.be\/?s={search_term_string}"},"query-input":"required name=search_term_string"}],"inLanguage":"fr-FR"},{"@type":"Organization","@id":"https:\/\/reconversionscsc.be\/#organization","name":"Cellules de reconversion","url":"https:\/\/reconversionscsc.be\/","logo":{"@type":"ImageObject","inLanguage":"fr-FR","@id":"https:\/\/reconversionscsc.be\/#\/schema\/logo\/image\/","url":"https:\/\/reconversionscsc.be\/wp-content\/uploads\/2019\/09\/cropped-Reso_logo-1.jpg","contentUrl":"https:\/\/reconversionscsc.be\/wp-content\/uploads\/2019\/09\/cropped-Reso_logo-1.jpg","width":1106,"height":676,"caption":"Cellules de reconversion"},"image":{"@id":"https:\/\/reconversionscsc.be\/#\/schema\/logo\/image\/"}}]}},"_links":{"self":[{"href":"https:\/\/reconversionscsc.be\/index.php\/wp-json\/wp\/v2\/pages\/753"}],"collection":[{"href":"https:\/\/reconversionscsc.be\/index.php\/wp-json\/wp\/v2\/pages"}],"about":[{"href":"https:\/\/reconversionscsc.be\/index.php\/wp-json\/wp\/v2\/types\/page"}],"author":[{"embeddable":true,"href":"https:\/\/reconversionscsc.be\/index.php\/wp-json\/wp\/v2\/users\/1"}],"replies":[{"embeddable":true,"href":"https:\/\/reconversionscsc.be\/index.php\/wp-json\/wp\/v2\/comments?post=753"}],"version-history":[{"count":2,"href":"https:\/\/reconversionscsc.be\/index.php\/wp-json\/wp\/v2\/pages\/753\/revisions"}],"predecessor-version":[{"id":1177,"href":"https:\/\/reconversionscsc.be\/index.php\/wp-json\/wp\/v2\/pages\/753\/revisions\/1177"}],"wp:attachment":[{"href":"https:\/\/reconversionscsc.be\/index.php\/wp-json\/wp\/v2\/media?parent=753"}],"curies":[{"name":"wp","href":"https:\/\/api.w.org\/{rel}","templated":true}]}}