{"id":260,"date":"2018-03-21T13:52:48","date_gmt":"2018-03-21T12:52:48","guid":{"rendered":"http:\/\/reconversionscsc.be\/?page_id=260"},"modified":"2020-08-25T11:35:11","modified_gmt":"2020-08-25T09:35:11","slug":"les-organisations-syndicales","status":"publish","type":"page","link":"https:\/\/reconversionscsc.be\/index.php\/projets-europeens\/partenaires\/les-organisations-syndicales\/","title":{"rendered":"Les pouvoirs publics"},"content":{"rendered":"\t\t<div data-elementor-type=\"wp-post\" data-elementor-id=\"260\" class=\"elementor elementor-260\">\n\t\t\t\t\t\t<div class=\"elementor-inner\">\n\t\t\t\t<div class=\"elementor-section-wrap\">\n\t\t\t\t\t\t\t\t\t<section class=\"elementor-section elementor-top-section elementor-element elementor-element-f0eb0af elementor-section-stretched elementor-section-boxed elementor-section-height-default elementor-section-height-default\" data-id=\"f0eb0af\" data-element_type=\"section\" data-settings=\"{&quot;stretch_section&quot;:&quot;section-stretched&quot;,&quot;background_background&quot;:&quot;classic&quot;}\">\n\t\t\t\t\t\t<div class=\"elementor-container elementor-column-gap-default\">\n\t\t\t\t\t\t\t<div class=\"elementor-row\">\n\t\t\t\t\t<div class=\"elementor-column elementor-col-100 elementor-top-column elementor-element elementor-element-85f70fe\" data-id=\"85f70fe\" data-element_type=\"column\">\n\t\t\t<div class=\"elementor-column-wrap elementor-element-populated\">\n\t\t\t\t\t\t\t<div class=\"elementor-widget-wrap\">\n\t\t\t\t\t\t<div class=\"elementor-element elementor-element-29292cb elementor-invisible elementor-widget elementor-widget-heading\" data-id=\"29292cb\" data-element_type=\"widget\" data-settings=\"{&quot;_animation&quot;:&quot;lightSpeedIn&quot;}\" data-widget_type=\"heading.default\">\n\t\t\t\t<div class=\"elementor-widget-container\">\n\t\t\t<h2 class=\"elementor-heading-title elementor-size-default\">Les pouvoirs publics<\/h2>\t\t<\/div>\n\t\t\t\t<\/div>\n\t\t\t\t\t\t<\/div>\n\t\t\t\t\t<\/div>\n\t\t<\/div>\n\t\t\t\t\t\t\t\t<\/div>\n\t\t\t\t\t<\/div>\n\t\t<\/section>\n\t\t\t\t<section class=\"elementor-section elementor-top-section elementor-element elementor-element-cf11383 elementor-section-content-middle elementor-section-boxed elementor-section-height-default elementor-section-height-default\" data-id=\"cf11383\" data-element_type=\"section\">\n\t\t\t\t\t\t<div class=\"elementor-container elementor-column-gap-no\">\n\t\t\t\t\t\t\t<div class=\"elementor-row\">\n\t\t\t\t\t<div class=\"elementor-column elementor-col-50 elementor-top-column elementor-element elementor-element-41ef60e\" data-id=\"41ef60e\" data-element_type=\"column\">\n\t\t\t<div class=\"elementor-column-wrap elementor-element-populated\">\n\t\t\t\t\t\t\t<div class=\"elementor-widget-wrap\">\n\t\t\t\t\t\t<div class=\"elementor-element elementor-element-2461e35 elementor-widget-divider--view-line elementor-widget elementor-widget-divider\" data-id=\"2461e35\" data-element_type=\"widget\" data-widget_type=\"divider.default\">\n\t\t\t\t<div class=\"elementor-widget-container\">\n\t\t\t\t\t<div class=\"elementor-divider\">\n\t\t\t<span class=\"elementor-divider-separator\">\n\t\t\t\t\t\t<\/span>\n\t\t<\/div>\n\t\t\t\t<\/div>\n\t\t\t\t<\/div>\n\t\t\t\t<div class=\"elementor-element elementor-element-afba899 elementor-widget elementor-widget-heading\" data-id=\"afba899\" data-element_type=\"widget\" data-widget_type=\"heading.default\">\n\t\t\t\t<div class=\"elementor-widget-container\">\n\t\t\t<h4 class=\"elementor-heading-title elementor-size-default\">nos  partenariats<\/h4>\t\t<\/div>\n\t\t\t\t<\/div>\n\t\t\t\t\t\t<\/div>\n\t\t\t\t\t<\/div>\n\t\t<\/div>\n\t\t\t\t<div class=\"elementor-column elementor-col-50 elementor-top-column elementor-element elementor-element-764a7bf\" data-id=\"764a7bf\" data-element_type=\"column\">\n\t\t\t<div class=\"elementor-column-wrap elementor-element-populated\">\n\t\t\t\t\t\t\t<div class=\"elementor-widget-wrap\">\n\t\t\t\t\t\t<div class=\"elementor-element elementor-element-78991f4 elementor-widget elementor-widget-text-editor\" data-id=\"78991f4\" data-element_type=\"widget\" data-widget_type=\"text-editor.default\">\n\t\t\t\t<div class=\"elementor-widget-container\">\n\t\t\t\t\t\t\t\t<div class=\"elementor-text-editor elementor-clearfix\">\n\t\t\t\t<p><!-- wp:tadv\/classic-paragraph --><\/p>\n<p style=\"text-align: justify;\">Les pouvoirs publics permettent \u00e9galement aux cellules de reconversion d&#8217;\u00eatre p\u00e9rennes dans le temps. Plusieurs organismes apportent leur contribution de diverses mani\u00e8res : au travers de subsides, de formations et de l&#8217;impl\u00e9mentation de celles-ci, des accompagnateurs venant faire profiter de leur expertise, &#8230; Ces diff\u00e9rents organismes, avec lesquels nous travaillons sont notamment :\u00a0<span style=\"color: #14ab7a;\"><a style=\"color: #14ab7a;\" href=\"https:\/\/www.leforem.be\/\">Le Forem<\/a><\/span>, la\u00a0<a href=\"https:\/\/www.wallonie.be\/fr\"><span style=\"color: #14ab7a;\">R\u00e9gion Wallonne<\/span><\/a>, le\u00a0<span style=\"color: #14ab7a;\"><a style=\"color: #14ab7a;\" href=\"http:\/\/www.fse.be\/index.php?id=fondseuropendemondialisation\">FEM<\/a><\/span>, le <a href=\"http:\/\/www.fse.be\/\"><span style=\"color: #14ab7a;\">FSE<\/span><\/a>, et bien d&#8217;autres.<\/p>\n<p style=\"text-align: justify;\">Une fois qu&#8217;une cellule de reconversion est ouverte, un comit\u00e9 de suivi passe en revue toutes les demandes individuelles en termes de formation toutes les deux semaines. Les accompagnateurs sociaux pr\u00e9sentent les demandes qui vont ensuite \u00eatre analys\u00e9es par le Conseil d&#8217;Administration et \u00eatre attribu\u00e9es. Les sujets discut\u00e9s lors de ces r\u00e9unions sont \u00e9galement les statistiques d&#8217;\u00e9volutions, de remises \u00e0 l&#8217;emploi, des formations suivies, le ressenti g\u00e9n\u00e9ral de la cellule de reconversion, &#8230;\u00a0<\/p>\n<p><!-- \/wp:tadv\/classic-paragraph --><\/p>\t\t\t\t\t<\/div>\n\t\t\t\t\t\t<\/div>\n\t\t\t\t<\/div>\n\t\t\t\t\t\t<\/div>\n\t\t\t\t\t<\/div>\n\t\t<\/div>\n\t\t\t\t\t\t\t\t<\/div>\n\t\t\t\t\t<\/div>\n\t\t<\/section>\n\t\t\t\t<section class=\"elementor-section elementor-top-section elementor-element elementor-element-edaf10a elementor-section-stretched elementor-section-boxed elementor-section-height-default elementor-section-height-default\" data-id=\"edaf10a\" data-element_type=\"section\" data-settings=\"{&quot;stretch_section&quot;:&quot;section-stretched&quot;,&quot;background_background&quot;:&quot;classic&quot;}\">\n\t\t\t\t\t\t<div class=\"elementor-container elementor-column-gap-default\">\n\t\t\t\t\t\t\t<div class=\"elementor-row\">\n\t\t\t\t\t<div class=\"elementor-column elementor-col-100 elementor-top-column elementor-element elementor-element-4406816\" data-id=\"4406816\" data-element_type=\"column\">\n\t\t\t<div class=\"elementor-column-wrap\">\n\t\t\t\t\t\t\t<div class=\"elementor-widget-wrap\">\n\t\t\t\t\t\t\t\t<\/div>\n\t\t\t\t\t<\/div>\n\t\t<\/div>\n\t\t\t\t\t\t\t\t<\/div>\n\t\t\t\t\t<\/div>\n\t\t<\/section>\n\t\t\t\t<section class=\"elementor-section elementor-top-section elementor-element elementor-element-9e8aba6 elementor-section-boxed elementor-section-height-default elementor-section-height-default\" data-id=\"9e8aba6\" data-element_type=\"section\">\n\t\t\t\t\t\t<div class=\"elementor-container elementor-column-gap-default\">\n\t\t\t\t\t\t\t<div class=\"elementor-row\">\n\t\t\t\t\t<div class=\"elementor-column elementor-col-100 elementor-top-column elementor-element elementor-element-63a4d37\" data-id=\"63a4d37\" data-element_type=\"column\">\n\t\t\t<div class=\"elementor-column-wrap elementor-element-populated\">\n\t\t\t\t\t\t\t<div class=\"elementor-widget-wrap\">\n\t\t\t\t\t\t<div class=\"elementor-element elementor-element-44e6937 elementor-widget elementor-widget-spacer\" data-id=\"44e6937\" data-element_type=\"widget\" data-widget_type=\"spacer.default\">\n\t\t\t\t<div class=\"elementor-widget-container\">\n\t\t\t\t\t<div class=\"elementor-spacer\">\n\t\t\t<div class=\"elementor-spacer-inner\"><\/div>\n\t\t<\/div>\n\t\t\t\t<\/div>\n\t\t\t\t<\/div>\n\t\t\t\t\t\t<\/div>\n\t\t\t\t\t<\/div>\n\t\t<\/div>\n\t\t\t\t\t\t\t\t<\/div>\n\t\t\t\t\t<\/div>\n\t\t<\/section>\n\t\t\t\t<section class=\"elementor-section elementor-top-section elementor-element elementor-element-3fa520c elementor-section-stretched elementor-section-full_width elementor-section-height-default elementor-section-height-default\" data-id=\"3fa520c\" data-element_type=\"section\" data-settings=\"{&quot;stretch_section&quot;:&quot;section-stretched&quot;}\">\n\t\t\t\t\t\t<div class=\"elementor-container elementor-column-gap-default\">\n\t\t\t\t\t\t\t<div class=\"elementor-row\">\n\t\t\t\t\t<div class=\"elementor-column elementor-col-11 elementor-top-column elementor-element elementor-element-517d39f\" data-id=\"517d39f\" data-element_type=\"column\">\n\t\t\t<div class=\"elementor-column-wrap\">\n\t\t\t\t\t\t\t<div class=\"elementor-widget-wrap\">\n\t\t\t\t\t\t\t\t<\/div>\n\t\t\t\t\t<\/div>\n\t\t<\/div>\n\t\t\t\t<div class=\"elementor-column elementor-col-11 elementor-top-column elementor-element elementor-element-93b0c3f\" data-id=\"93b0c3f\" data-element_type=\"column\">\n\t\t\t<div class=\"elementor-column-wrap elementor-element-populated\">\n\t\t\t\t\t\t\t<div class=\"elementor-widget-wrap\">\n\t\t\t\t\t\t<div class=\"elementor-element elementor-element-22e1b3c elementor-widget elementor-widget-text-editor\" data-id=\"22e1b3c\" data-element_type=\"widget\" data-widget_type=\"text-editor.default\">\n\t\t\t\t<div class=\"elementor-widget-container\">\n\t\t\t\t\t\t\t\t<div class=\"elementor-text-editor elementor-clearfix\">\n\t\t\t\t<p><span style=\"color: #14ab7a;\">CELLULES DE RECONVERSION<\/span><\/p><p><span style=\"color: #808080;\"><a style=\"color: #808080;\" href=\"http:\/\/reconversionscsc.be\/index.php\/les-cellules-de-reconversion\/\" target=\"_blank\" rel=\"noopener\">Qu&#8217;est-ce qu&#8217;une cellule ?<\/a><\/span><\/p><p><span style=\"color: #808080;\"><a style=\"color: #808080;\" href=\"http:\/\/reconversionscsc.be\/index.php\/activites-et-services\/\">Activit\u00e9s et services<\/a><\/span><\/p><p><span style=\"color: #808080;\"><a style=\"color: #808080;\" href=\"http:\/\/reconversionscsc.be\/index.php\/laccompagnement-2\/\">L&#8217;accompagnement<\/a><\/span><\/p><p><span style=\"color: #808080;\"><a style=\"color: #808080;\" href=\"http:\/\/reconversionscsc.be\/index.php\/le-partenariat\/\">Nos partenaires<\/a><\/span><\/p>\t\t\t\t\t<\/div>\n\t\t\t\t\t\t<\/div>\n\t\t\t\t<\/div>\n\t\t\t\t\t\t<\/div>\n\t\t\t\t\t<\/div>\n\t\t<\/div>\n\t\t\t\t<div class=\"elementor-column elementor-col-11 elementor-top-column elementor-element elementor-element-0b97bd7\" data-id=\"0b97bd7\" data-element_type=\"column\">\n\t\t\t<div class=\"elementor-column-wrap\">\n\t\t\t\t\t\t\t<div class=\"elementor-widget-wrap\">\n\t\t\t\t\t\t\t\t<\/div>\n\t\t\t\t\t<\/div>\n\t\t<\/div>\n\t\t\t\t<div class=\"elementor-column elementor-col-11 elementor-top-column elementor-element elementor-element-ce2cd3c\" data-id=\"ce2cd3c\" data-element_type=\"column\">\n\t\t\t<div class=\"elementor-column-wrap elementor-element-populated\">\n\t\t\t\t\t\t\t<div class=\"elementor-widget-wrap\">\n\t\t\t\t\t\t<div class=\"elementor-element elementor-element-63ae1f4 elementor-widget elementor-widget-text-editor\" data-id=\"63ae1f4\" data-element_type=\"widget\" data-widget_type=\"text-editor.default\">\n\t\t\t\t<div class=\"elementor-widget-container\">\n\t\t\t\t\t\t\t\t<div class=\"elementor-text-editor elementor-clearfix\">\n\t\t\t\t<p><span style=\"color: #14ab7a;\">L&#8217;ANTICIPATION DE CHANGEMENT<\/span><\/p><p><span style=\"color: #808080;\"><a style=\"color: #808080;\" href=\"http:\/\/reconversionscsc.be\/index.php\/projets-europeens\/lanticipation\/conventions-collectives\/\">Anticiper le changement<\/a><\/span><\/p><p><span style=\"color: #808080;\"><a style=\"color: #808080;\" href=\"http:\/\/reconversionscsc.be\/index.php\/projets-europeens\/partenaires\/\">Les acteurs<\/a><\/span><\/p><p><span style=\"color: #808080;\"><a style=\"color: #808080;\" href=\"http:\/\/reconversionscsc.be\/index.php\/projets-europeens\/actions\/\">Bo\u00eete \u00e0 outils<\/a><\/span><\/p><p><span style=\"color: #808080;\"><a style=\"color: #808080;\" href=\"http:\/\/reconversionscsc.be\/index.php\/projets-europeens\/communaute\/\">Partager son exp\u00e9rience<\/a><\/span><\/p>\t\t\t\t\t<\/div>\n\t\t\t\t\t\t<\/div>\n\t\t\t\t<\/div>\n\t\t\t\t\t\t<\/div>\n\t\t\t\t\t<\/div>\n\t\t<\/div>\n\t\t\t\t<div class=\"elementor-column elementor-col-11 elementor-top-column elementor-element elementor-element-7e3495a\" data-id=\"7e3495a\" data-element_type=\"column\">\n\t\t\t<div class=\"elementor-column-wrap\">\n\t\t\t\t\t\t\t<div class=\"elementor-widget-wrap\">\n\t\t\t\t\t\t\t\t<\/div>\n\t\t\t\t\t<\/div>\n\t\t<\/div>\n\t\t\t\t<div class=\"elementor-column elementor-col-11 elementor-top-column elementor-element elementor-element-18ad840\" data-id=\"18ad840\" data-element_type=\"column\">\n\t\t\t<div class=\"elementor-column-wrap elementor-element-populated\">\n\t\t\t\t\t\t\t<div class=\"elementor-widget-wrap\">\n\t\t\t\t\t\t<div class=\"elementor-element elementor-element-453b644 elementor-widget elementor-widget-text-editor\" data-id=\"453b644\" data-element_type=\"widget\" data-widget_type=\"text-editor.default\">\n\t\t\t\t<div class=\"elementor-widget-container\">\n\t\t\t\t\t\t\t\t<div class=\"elementor-text-editor elementor-clearfix\">\n\t\t\t\t<p><span style=\"color: #14ab7a;\">NOUS CONTACTER<\/span><\/p>\t\t\t\t\t<\/div>\n\t\t\t\t\t\t<\/div>\n\t\t\t\t<\/div>\n\t\t\t\t<div class=\"elementor-element elementor-element-fb8d014 elementor-icon-list--layout-traditional elementor-list-item-link-full_width elementor-widget elementor-widget-icon-list\" data-id=\"fb8d014\" data-element_type=\"widget\" data-widget_type=\"icon-list.default\">\n\t\t\t\t<div class=\"elementor-widget-container\">\n\t\t\t\t\t<ul class=\"elementor-icon-list-items\">\n\t\t\t\t\t\t\t<li class=\"elementor-icon-list-item\">\n\t\t\t\t\t\t\t\t\t\t\t<span class=\"elementor-icon-list-icon\">\n\t\t\t\t\t\t\t<i aria-hidden=\"true\" class=\"far fa-envelope\"><\/i>\t\t\t\t\t\t<\/span>\n\t\t\t\t\t\t\t\t\t\t<span class=\"elementor-icon-list-text\">reconversionscsc@resoasbl.be<\/span>\n\t\t\t\t\t\t\t\t\t<\/li>\n\t\t\t\t\t\t\t\t<li class=\"elementor-icon-list-item\">\n\t\t\t\t\t\t\t\t\t\t\t<span class=\"elementor-icon-list-icon\">\n\t\t\t\t\t\t\t<i aria-hidden=\"true\" class=\"fas fa-phone-alt\"><\/i>\t\t\t\t\t\t<\/span>\n\t\t\t\t\t\t\t\t\t\t<span class=\"elementor-icon-list-text\">071\/23.08.09<\/span>\n\t\t\t\t\t\t\t\t\t<\/li>\n\t\t\t\t\t\t\t\t<li class=\"elementor-icon-list-item\">\n\t\t\t\t\t\t\t\t\t\t\t<span class=\"elementor-icon-list-icon\">\n\t\t\t\t\t\t\t<i aria-hidden=\"true\" class=\"fas fa-map-marker-alt\"><\/i>\t\t\t\t\t\t<\/span>\n\t\t\t\t\t\t\t\t\t\t<span class=\"elementor-icon-list-text\">5, rue Prunieau 6000 Charleroi<\/span>\n\t\t\t\t\t\t\t\t\t<\/li>\n\t\t\t\t\t\t<\/ul>\n\t\t\t\t<\/div>\n\t\t\t\t<\/div>\n\t\t\t\t\t\t<\/div>\n\t\t\t\t\t<\/div>\n\t\t<\/div>\n\t\t\t\t<div class=\"elementor-column elementor-col-11 elementor-top-column elementor-element elementor-element-f17b489\" data-id=\"f17b489\" data-element_type=\"column\">\n\t\t\t<div class=\"elementor-column-wrap\">\n\t\t\t\t\t\t\t<div class=\"elementor-widget-wrap\">\n\t\t\t\t\t\t\t\t<\/div>\n\t\t\t\t\t<\/div>\n\t\t<\/div>\n\t\t\t\t<div class=\"elementor-column elementor-col-11 elementor-top-column elementor-element elementor-element-c6c8fd9\" data-id=\"c6c8fd9\" data-element_type=\"column\">\n\t\t\t<div class=\"elementor-column-wrap elementor-element-populated\">\n\t\t\t\t\t\t\t<div class=\"elementor-widget-wrap\">\n\t\t\t\t\t\t<div class=\"elementor-element elementor-element-9773494 elementor-widget elementor-widget-text-editor\" data-id=\"9773494\" data-element_type=\"widget\" data-widget_type=\"text-editor.default\">\n\t\t\t\t<div class=\"elementor-widget-container\">\n\t\t\t\t\t\t\t\t<div class=\"elementor-text-editor elementor-clearfix\">\n\t\t\t\t<p><span style=\"color: #14ab7a;\">REJOIGNEZ-NOUS !<\/span><\/p><p>Vous \u00eates d\u00e9l\u00e9gu\u00e9 syndical, accompagnateur social ? Inscrivez-vous \u00e0 notre site et b\u00e9n\u00e9ficiez d&#8217;outils qui vous aideront dans votre mission !<\/p>\t\t\t\t\t<\/div>\n\t\t\t\t\t\t<\/div>\n\t\t\t\t<\/div>\n\t\t\t\t<div class=\"elementor-element elementor-element-b9ccabd elementor-align-left elementor-tablet-align-center elementor-mobile-align-center elementor-widget elementor-widget-button\" data-id=\"b9ccabd\" data-element_type=\"widget\" data-widget_type=\"button.default\">\n\t\t\t\t<div class=\"elementor-widget-container\">\n\t\t\t\t\t<div class=\"elementor-button-wrapper\">\n\t\t\t<a href=\"http:\/\/reconversionscsc.be\/index.php\/register\/\" class=\"elementor-button-link elementor-button elementor-size-sm\" role=\"button\">\n\t\t\t\t\t\t<span class=\"elementor-button-content-wrapper\">\n\t\t\t\t\t\t\t<span class=\"elementor-button-icon elementor-align-icon-right\">\n\t\t\t\t<i aria-hidden=\"true\" class=\"fas fa-caret-right\"><\/i>\t\t\t<\/span>\n\t\t\t\t\t\t<span class=\"elementor-button-text\">Je m'inscris<\/span>\n\t\t<\/span>\n\t\t\t\t\t<\/a>\n\t\t<\/div>\n\t\t\t\t<\/div>\n\t\t\t\t<\/div>\n\t\t\t\t\t\t<\/div>\n\t\t\t\t\t<\/div>\n\t\t<\/div>\n\t\t\t\t<div class=\"elementor-column elementor-col-11 elementor-top-column elementor-element elementor-element-508cc8f\" data-id=\"508cc8f\" data-element_type=\"column\">\n\t\t\t<div class=\"elementor-column-wrap\">\n\t\t\t\t\t\t\t<div class=\"elementor-widget-wrap\">\n\t\t\t\t\t\t\t\t<\/div>\n\t\t\t\t\t<\/div>\n\t\t<\/div>\n\t\t\t\t\t\t\t\t<\/div>\n\t\t\t\t\t<\/div>\n\t\t<\/section>\n\t\t\t\t\t\t\t\t\t<\/div>\n\t\t\t<\/div>\n\t\t\t\t\t<\/div>\n\t\t","protected":false},"excerpt":{"rendered":"<p>Les pouvoirs publics nos partenariats Les pouvoirs publics permettent \u00e9galement aux cellules de reconversion d&#8217;\u00eatre p\u00e9rennes dans le temps. Plusieurs organismes apportent leur contribution de diverses mani\u00e8res : au travers de subsides, de formations et de l&#8217;impl\u00e9mentation de celles-ci, des accompagnateurs venant faire profiter de leur expertise, &#8230; Ces diff\u00e9rents organismes, avec lesquels nous travaillons&hellip;<\/p>\n","protected":false},"author":1,"featured_media":0,"parent":188,"menu_order":0,"comment_status":"closed","ping_status":"closed","template":"","meta":[],"yoast_head":"<!-- This site is optimized with the Yoast SEO plugin v20.2.1 - https:\/\/yoast.com\/wordpress\/plugins\/seo\/ -->\n<title>Cellules de reconversion - Les pouvoirs publics<\/title>\n<meta name=\"description\" content=\"Les pouvoirs publics apportent leur contribution et permettent \u00e9galement aux cellules de reconversion d\u2019\u00eatre p\u00e9rennes dans le temps.\" \/>\n<meta name=\"robots\" content=\"index, follow, max-snippet:-1, max-image-preview:large, max-video-preview:-1\" \/>\n<link rel=\"canonical\" href=\"https:\/\/reconversionscsc.be\/index.php\/projets-europeens\/partenaires\/les-organisations-syndicales\/\" \/>\n<meta property=\"og:locale\" content=\"fr_FR\" \/>\n<meta property=\"og:type\" content=\"article\" \/>\n<meta property=\"og:title\" content=\"Cellules de reconversion - Les pouvoirs publics\" \/>\n<meta property=\"og:description\" content=\"Les pouvoirs publics apportent leur contribution et permettent \u00e9galement aux cellules de reconversion d\u2019\u00eatre p\u00e9rennes dans le temps.\" \/>\n<meta property=\"og:url\" content=\"https:\/\/reconversionscsc.be\/index.php\/projets-europeens\/partenaires\/les-organisations-syndicales\/\" \/>\n<meta property=\"og:site_name\" content=\"Cellules de reconversion\" \/>\n<meta property=\"article:modified_time\" content=\"2020-08-25T09:35:11+00:00\" \/>\n<meta name=\"twitter:card\" content=\"summary_large_image\" \/>\n<meta name=\"twitter:label1\" content=\"Dur\u00e9e de lecture estim\u00e9e\" \/>\n\t<meta name=\"twitter:data1\" content=\"1 minute\" \/>\n<script type=\"application\/ld+json\" class=\"yoast-schema-graph\">{\"@context\":\"https:\/\/schema.org\",\"@graph\":[{\"@type\":\"WebPage\",\"@id\":\"https:\/\/reconversionscsc.be\/index.php\/projets-europeens\/partenaires\/les-organisations-syndicales\/\",\"url\":\"https:\/\/reconversionscsc.be\/index.php\/projets-europeens\/partenaires\/les-organisations-syndicales\/\",\"name\":\"Cellules de reconversion - Les pouvoirs publics\",\"isPartOf\":{\"@id\":\"https:\/\/reconversionscsc.be\/#website\"},\"datePublished\":\"2018-03-21T12:52:48+00:00\",\"dateModified\":\"2020-08-25T09:35:11+00:00\",\"description\":\"Les pouvoirs publics apportent leur contribution et permettent \u00e9galement aux cellules de reconversion d\u2019\u00eatre p\u00e9rennes dans le temps.\",\"breadcrumb\":{\"@id\":\"https:\/\/reconversionscsc.be\/index.php\/projets-europeens\/partenaires\/les-organisations-syndicales\/#breadcrumb\"},\"inLanguage\":\"fr-FR\",\"potentialAction\":[{\"@type\":\"ReadAction\",\"target\":[\"https:\/\/reconversionscsc.be\/index.php\/projets-europeens\/partenaires\/les-organisations-syndicales\/\"]}]},{\"@type\":\"BreadcrumbList\",\"@id\":\"https:\/\/reconversionscsc.be\/index.php\/projets-europeens\/partenaires\/les-organisations-syndicales\/#breadcrumb\",\"itemListElement\":[{\"@type\":\"ListItem\",\"position\":1,\"name\":\"Accueil\",\"item\":\"https:\/\/reconversionscsc.be\/\"},{\"@type\":\"ListItem\",\"position\":2,\"name\":\"J&#8217;ose le changement\",\"item\":\"https:\/\/reconversionscsc.be\/index.php\/projets-europeens\/\"},{\"@type\":\"ListItem\",\"position\":3,\"name\":\"Acteurs\",\"item\":\"https:\/\/reconversionscsc.be\/index.php\/projets-europeens\/partenaires\/\"},{\"@type\":\"ListItem\",\"position\":4,\"name\":\"Les pouvoirs publics\"}]},{\"@type\":\"WebSite\",\"@id\":\"https:\/\/reconversionscsc.be\/#website\",\"url\":\"https:\/\/reconversionscsc.be\/\",\"name\":\"Cellules de reconversion\",\"description\":\"\",\"publisher\":{\"@id\":\"https:\/\/reconversionscsc.be\/#organization\"},\"potentialAction\":[{\"@type\":\"SearchAction\",\"target\":{\"@type\":\"EntryPoint\",\"urlTemplate\":\"https:\/\/reconversionscsc.be\/?s={search_term_string}\"},\"query-input\":\"required name=search_term_string\"}],\"inLanguage\":\"fr-FR\"},{\"@type\":\"Organization\",\"@id\":\"https:\/\/reconversionscsc.be\/#organization\",\"name\":\"Cellules de reconversion\",\"url\":\"https:\/\/reconversionscsc.be\/\",\"logo\":{\"@type\":\"ImageObject\",\"inLanguage\":\"fr-FR\",\"@id\":\"https:\/\/reconversionscsc.be\/#\/schema\/logo\/image\/\",\"url\":\"https:\/\/reconversionscsc.be\/wp-content\/uploads\/2019\/09\/cropped-Reso_logo-1.jpg\",\"contentUrl\":\"https:\/\/reconversionscsc.be\/wp-content\/uploads\/2019\/09\/cropped-Reso_logo-1.jpg\",\"width\":1106,\"height\":676,\"caption\":\"Cellules de reconversion\"},\"image\":{\"@id\":\"https:\/\/reconversionscsc.be\/#\/schema\/logo\/image\/\"}}]}<\/script>\n<!-- \/ Yoast SEO plugin. -->","yoast_head_json":{"title":"Cellules de reconversion - Les pouvoirs publics","description":"Les pouvoirs publics apportent leur contribution et permettent \u00e9galement aux cellules de reconversion d\u2019\u00eatre p\u00e9rennes dans le temps.","robots":{"index":"index","follow":"follow","max-snippet":"max-snippet:-1","max-image-preview":"max-image-preview:large","max-video-preview":"max-video-preview:-1"},"canonical":"https:\/\/reconversionscsc.be\/index.php\/projets-europeens\/partenaires\/les-organisations-syndicales\/","og_locale":"fr_FR","og_type":"article","og_title":"Cellules de reconversion - Les pouvoirs publics","og_description":"Les pouvoirs publics apportent leur contribution et permettent \u00e9galement aux cellules de reconversion d\u2019\u00eatre p\u00e9rennes dans le temps.","og_url":"https:\/\/reconversionscsc.be\/index.php\/projets-europeens\/partenaires\/les-organisations-syndicales\/","og_site_name":"Cellules de reconversion","article_modified_time":"2020-08-25T09:35:11+00:00","twitter_card":"summary_large_image","twitter_misc":{"Dur\u00e9e de lecture estim\u00e9e":"1 minute"},"schema":{"@context":"https:\/\/schema.org","@graph":[{"@type":"WebPage","@id":"https:\/\/reconversionscsc.be\/index.php\/projets-europeens\/partenaires\/les-organisations-syndicales\/","url":"https:\/\/reconversionscsc.be\/index.php\/projets-europeens\/partenaires\/les-organisations-syndicales\/","name":"Cellules de reconversion - Les pouvoirs publics","isPartOf":{"@id":"https:\/\/reconversionscsc.be\/#website"},"datePublished":"2018-03-21T12:52:48+00:00","dateModified":"2020-08-25T09:35:11+00:00","description":"Les pouvoirs publics apportent leur contribution et permettent \u00e9galement aux cellules de reconversion d\u2019\u00eatre p\u00e9rennes dans le temps.","breadcrumb":{"@id":"https:\/\/reconversionscsc.be\/index.php\/projets-europeens\/partenaires\/les-organisations-syndicales\/#breadcrumb"},"inLanguage":"fr-FR","potentialAction":[{"@type":"ReadAction","target":["https:\/\/reconversionscsc.be\/index.php\/projets-europeens\/partenaires\/les-organisations-syndicales\/"]}]},{"@type":"BreadcrumbList","@id":"https:\/\/reconversionscsc.be\/index.php\/projets-europeens\/partenaires\/les-organisations-syndicales\/#breadcrumb","itemListElement":[{"@type":"ListItem","position":1,"name":"Accueil","item":"https:\/\/reconversionscsc.be\/"},{"@type":"ListItem","position":2,"name":"J&#8217;ose le changement","item":"https:\/\/reconversionscsc.be\/index.php\/projets-europeens\/"},{"@type":"ListItem","position":3,"name":"Acteurs","item":"https:\/\/reconversionscsc.be\/index.php\/projets-europeens\/partenaires\/"},{"@type":"ListItem","position":4,"name":"Les pouvoirs publics"}]},{"@type":"WebSite","@id":"https:\/\/reconversionscsc.be\/#website","url":"https:\/\/reconversionscsc.be\/","name":"Cellules de reconversion","description":"","publisher":{"@id":"https:\/\/reconversionscsc.be\/#organization"},"potentialAction":[{"@type":"SearchAction","target":{"@type":"EntryPoint","urlTemplate":"https:\/\/reconversionscsc.be\/?s={search_term_string}"},"query-input":"required name=search_term_string"}],"inLanguage":"fr-FR"},{"@type":"Organization","@id":"https:\/\/reconversionscsc.be\/#organization","name":"Cellules de reconversion","url":"https:\/\/reconversionscsc.be\/","logo":{"@type":"ImageObject","inLanguage":"fr-FR","@id":"https:\/\/reconversionscsc.be\/#\/schema\/logo\/image\/","url":"https:\/\/reconversionscsc.be\/wp-content\/uploads\/2019\/09\/cropped-Reso_logo-1.jpg","contentUrl":"https:\/\/reconversionscsc.be\/wp-content\/uploads\/2019\/09\/cropped-Reso_logo-1.jpg","width":1106,"height":676,"caption":"Cellules de reconversion"},"image":{"@id":"https:\/\/reconversionscsc.be\/#\/schema\/logo\/image\/"}}]}},"_links":{"self":[{"href":"https:\/\/reconversionscsc.be\/index.php\/wp-json\/wp\/v2\/pages\/260"}],"collection":[{"href":"https:\/\/reconversionscsc.be\/index.php\/wp-json\/wp\/v2\/pages"}],"about":[{"href":"https:\/\/reconversionscsc.be\/index.php\/wp-json\/wp\/v2\/types\/page"}],"author":[{"embeddable":true,"href":"https:\/\/reconversionscsc.be\/index.php\/wp-json\/wp\/v2\/users\/1"}],"replies":[{"embeddable":true,"href":"https:\/\/reconversionscsc.be\/index.php\/wp-json\/wp\/v2\/comments?post=260"}],"version-history":[{"count":13,"href":"https:\/\/reconversionscsc.be\/index.php\/wp-json\/wp\/v2\/pages\/260\/revisions"}],"predecessor-version":[{"id":1472,"href":"https:\/\/reconversionscsc.be\/index.php\/wp-json\/wp\/v2\/pages\/260\/revisions\/1472"}],"up":[{"embeddable":true,"href":"https:\/\/reconversionscsc.be\/index.php\/wp-json\/wp\/v2\/pages\/188"}],"wp:attachment":[{"href":"https:\/\/reconversionscsc.be\/index.php\/wp-json\/wp\/v2\/media?parent=260"}],"curies":[{"name":"wp","href":"https:\/\/api.w.org\/{rel}","templated":true}]}}