{"id":202,"date":"2018-03-16T11:29:37","date_gmt":"2018-03-16T10:29:37","guid":{"rendered":"http:\/\/reconversionscsc.be\/?page_id=202"},"modified":"2019-10-02T10:38:23","modified_gmt":"2019-10-02T08:38:23","slug":"conventions-collectives","status":"publish","type":"page","link":"https:\/\/reconversionscsc.be\/index.php\/projets-europeens\/lanticipation\/conventions-collectives\/","title":{"rendered":"Je d\u00e9couvre"},"content":{"rendered":"\t\t<div data-elementor-type=\"wp-post\" data-elementor-id=\"202\" class=\"elementor elementor-202\">\n\t\t\t\t\t\t<div class=\"elementor-inner\">\n\t\t\t\t<div class=\"elementor-section-wrap\">\n\t\t\t\t\t\t\t\t\t<section class=\"elementor-section elementor-top-section elementor-element elementor-element-4437ab75 elementor-section-height-min-height elementor-section-content-middle elementor-section-stretched elementor-section-boxed elementor-section-height-default elementor-section-items-middle\" data-id=\"4437ab75\" data-element_type=\"section\" data-settings=\"{&quot;background_background&quot;:&quot;gradient&quot;,&quot;stretch_section&quot;:&quot;section-stretched&quot;}\">\n\t\t\t\t\t\t\t<div class=\"elementor-background-overlay\"><\/div>\n\t\t\t\t\t\t\t<div class=\"elementor-container elementor-column-gap-no\">\n\t\t\t\t\t\t\t<div class=\"elementor-row\">\n\t\t\t\t\t<div class=\"elementor-column elementor-col-50 elementor-top-column elementor-element elementor-element-5769c2e\" data-id=\"5769c2e\" data-element_type=\"column\">\n\t\t\t<div class=\"elementor-column-wrap elementor-element-populated\">\n\t\t\t\t\t\t\t<div class=\"elementor-widget-wrap\">\n\t\t\t\t\t\t<div class=\"elementor-element elementor-element-5072ca81 elementor-widget elementor-widget-heading\" data-id=\"5072ca81\" data-element_type=\"widget\" data-widget_type=\"heading.default\">\n\t\t\t\t<div class=\"elementor-widget-container\">\n\t\t\t<h5 class=\"elementor-heading-title elementor-size-default\">strat\u00e9gie pr\u00e9ventive<\/h5>\t\t<\/div>\n\t\t\t\t<\/div>\n\t\t\t\t<div class=\"elementor-element elementor-element-500b7dce elementor-widget elementor-widget-heading\" data-id=\"500b7dce\" data-element_type=\"widget\" data-widget_type=\"heading.default\">\n\t\t\t\t<div class=\"elementor-widget-container\">\n\t\t\t<h2 class=\"elementor-heading-title elementor-size-default\">L'anticipation du changement : une solution pour les entreprises ? <\/h2>\t\t<\/div>\n\t\t\t\t<\/div>\n\t\t\t\t<div class=\"elementor-element elementor-element-49f7521c elementor-mobile-align-center elementor-widget elementor-widget-button\" data-id=\"49f7521c\" data-element_type=\"widget\" data-widget_type=\"button.default\">\n\t\t\t\t<div class=\"elementor-widget-container\">\n\t\t\t\t\t<div class=\"elementor-button-wrapper\">\n\t\t\t<a href=\"http:\/\/reconversionscsc.be\/index.php\/projets-europeens\/lanticipation\/cest-quoi\/\" class=\"elementor-button-link elementor-button elementor-size-sm elementor-animation-grow\" role=\"button\">\n\t\t\t\t\t\t<span class=\"elementor-button-content-wrapper\">\n\t\t\t\t\t\t<span class=\"elementor-button-text\">PLUS D'INFOS<\/span>\n\t\t<\/span>\n\t\t\t\t\t<\/a>\n\t\t<\/div>\n\t\t\t\t<\/div>\n\t\t\t\t<\/div>\n\t\t\t\t\t\t<\/div>\n\t\t\t\t\t<\/div>\n\t\t<\/div>\n\t\t\t\t<div class=\"elementor-column elementor-col-50 elementor-top-column elementor-element elementor-element-7bffc706\" data-id=\"7bffc706\" data-element_type=\"column\">\n\t\t\t<div class=\"elementor-column-wrap elementor-element-populated\">\n\t\t\t\t\t\t\t<div class=\"elementor-widget-wrap\">\n\t\t\t\t\t\t<div class=\"elementor-element elementor-element-59f9aee5 elementor-widget elementor-widget-video\" data-id=\"59f9aee5\" data-element_type=\"widget\" data-settings=\"{&quot;show_image_overlay&quot;:&quot;yes&quot;,&quot;image_overlay&quot;:{&quot;url&quot;:&quot;&quot;,&quot;id&quot;:&quot;&quot;,&quot;size&quot;:&quot;&quot;},&quot;video_type&quot;:&quot;hosted&quot;,&quot;autoplay&quot;:&quot;yes&quot;,&quot;controls&quot;:&quot;yes&quot;}\" data-widget_type=\"video.default\">\n\t\t\t\t<div class=\"elementor-widget-container\">\n\t\t\t\t\t<div class=\"e-hosted-video elementor-wrapper elementor-open-inline\">\n\t\t\t\t\t<video class=\"elementor-video\" src=\"http:\/\/reconversionscsc.be\/wp-content\/uploads\/2019\/08\/Anticipation-2-1.mp4\" autoplay=\"\" controls=\"\" controlsList=\"nodownload\"><\/video>\n\t\t\t\t<\/div>\n\t\t\t\t<\/div>\n\t\t\t\t<\/div>\n\t\t\t\t\t\t<\/div>\n\t\t\t\t\t<\/div>\n\t\t<\/div>\n\t\t\t\t\t\t\t\t<\/div>\n\t\t\t\t\t<\/div>\n\t\t<\/section>\n\t\t\t\t<section class=\"elementor-section elementor-top-section elementor-element elementor-element-7f843aa elementor-section-boxed elementor-section-height-default elementor-section-height-default\" data-id=\"7f843aa\" data-element_type=\"section\">\n\t\t\t\t\t\t<div class=\"elementor-container elementor-column-gap-default\">\n\t\t\t\t\t\t\t<div class=\"elementor-row\">\n\t\t\t\t\t<div class=\"elementor-column elementor-col-100 elementor-top-column elementor-element elementor-element-4157cb7\" data-id=\"4157cb7\" data-element_type=\"column\">\n\t\t\t<div class=\"elementor-column-wrap elementor-element-populated\">\n\t\t\t\t\t\t\t<div class=\"elementor-widget-wrap\">\n\t\t\t\t\t\t<div class=\"elementor-element elementor-element-dbc153c elementor-widget elementor-widget-spacer\" data-id=\"dbc153c\" data-element_type=\"widget\" data-widget_type=\"spacer.default\">\n\t\t\t\t<div class=\"elementor-widget-container\">\n\t\t\t\t\t<div class=\"elementor-spacer\">\n\t\t\t<div class=\"elementor-spacer-inner\"><\/div>\n\t\t<\/div>\n\t\t\t\t<\/div>\n\t\t\t\t<\/div>\n\t\t\t\t\t\t<\/div>\n\t\t\t\t\t<\/div>\n\t\t<\/div>\n\t\t\t\t\t\t\t\t<\/div>\n\t\t\t\t\t<\/div>\n\t\t<\/section>\n\t\t\t\t<section class=\"elementor-section elementor-top-section elementor-element elementor-element-e3be4d2 elementor-section-stretched elementor-section-boxed elementor-section-height-default elementor-section-height-default\" data-id=\"e3be4d2\" data-element_type=\"section\" data-settings=\"{&quot;stretch_section&quot;:&quot;section-stretched&quot;,&quot;background_background&quot;:&quot;classic&quot;}\">\n\t\t\t\t\t\t<div class=\"elementor-container elementor-column-gap-default\">\n\t\t\t\t\t\t\t<div class=\"elementor-row\">\n\t\t\t\t\t<div class=\"elementor-column elementor-col-100 elementor-top-column elementor-element elementor-element-e6cc45a\" data-id=\"e6cc45a\" data-element_type=\"column\">\n\t\t\t<div class=\"elementor-column-wrap\">\n\t\t\t\t\t\t\t<div class=\"elementor-widget-wrap\">\n\t\t\t\t\t\t\t\t<\/div>\n\t\t\t\t\t<\/div>\n\t\t<\/div>\n\t\t\t\t\t\t\t\t<\/div>\n\t\t\t\t\t<\/div>\n\t\t<\/section>\n\t\t\t\t<section class=\"elementor-section elementor-top-section elementor-element elementor-element-c539277 elementor-section-boxed elementor-section-height-default elementor-section-height-default\" data-id=\"c539277\" data-element_type=\"section\">\n\t\t\t\t\t\t<div class=\"elementor-container elementor-column-gap-default\">\n\t\t\t\t\t\t\t<div class=\"elementor-row\">\n\t\t\t\t\t<div class=\"elementor-column elementor-col-100 elementor-top-column elementor-element elementor-element-716be40\" data-id=\"716be40\" data-element_type=\"column\">\n\t\t\t<div class=\"elementor-column-wrap elementor-element-populated\">\n\t\t\t\t\t\t\t<div class=\"elementor-widget-wrap\">\n\t\t\t\t\t\t<div class=\"elementor-element elementor-element-d7b078c elementor-widget elementor-widget-spacer\" data-id=\"d7b078c\" data-element_type=\"widget\" data-widget_type=\"spacer.default\">\n\t\t\t\t<div class=\"elementor-widget-container\">\n\t\t\t\t\t<div class=\"elementor-spacer\">\n\t\t\t<div class=\"elementor-spacer-inner\"><\/div>\n\t\t<\/div>\n\t\t\t\t<\/div>\n\t\t\t\t<\/div>\n\t\t\t\t\t\t<\/div>\n\t\t\t\t\t<\/div>\n\t\t<\/div>\n\t\t\t\t\t\t\t\t<\/div>\n\t\t\t\t\t<\/div>\n\t\t<\/section>\n\t\t\t\t<section class=\"elementor-section elementor-top-section elementor-element elementor-element-7fa4c87 elementor-section-stretched elementor-section-full_width elementor-section-height-default elementor-section-height-default\" data-id=\"7fa4c87\" data-element_type=\"section\" data-settings=\"{&quot;stretch_section&quot;:&quot;section-stretched&quot;}\">\n\t\t\t\t\t\t<div class=\"elementor-container elementor-column-gap-default\">\n\t\t\t\t\t\t\t<div class=\"elementor-row\">\n\t\t\t\t\t<div class=\"elementor-column elementor-col-11 elementor-top-column elementor-element elementor-element-391e159\" data-id=\"391e159\" data-element_type=\"column\">\n\t\t\t<div class=\"elementor-column-wrap\">\n\t\t\t\t\t\t\t<div class=\"elementor-widget-wrap\">\n\t\t\t\t\t\t\t\t<\/div>\n\t\t\t\t\t<\/div>\n\t\t<\/div>\n\t\t\t\t<div class=\"elementor-column elementor-col-11 elementor-top-column elementor-element elementor-element-f33fd76\" data-id=\"f33fd76\" data-element_type=\"column\">\n\t\t\t<div class=\"elementor-column-wrap elementor-element-populated\">\n\t\t\t\t\t\t\t<div class=\"elementor-widget-wrap\">\n\t\t\t\t\t\t<div class=\"elementor-element elementor-element-c4f68e1 elementor-widget elementor-widget-text-editor\" data-id=\"c4f68e1\" data-element_type=\"widget\" data-widget_type=\"text-editor.default\">\n\t\t\t\t<div class=\"elementor-widget-container\">\n\t\t\t\t\t\t\t\t<div class=\"elementor-text-editor elementor-clearfix\">\n\t\t\t\t<p><span style=\"color: #14ab7a;\">CELLULES DE RECONVERSION<\/span><\/p><p><span style=\"color: #808080;\"><a style=\"color: #808080;\" href=\"http:\/\/reconversionscsc.be\/index.php\/les-cellules-de-reconversion\/\" target=\"_blank\" rel=\"noopener\">Qu&#8217;est-ce qu&#8217;une cellule ?<\/a><\/span><\/p><p><span style=\"color: #808080;\"><a style=\"color: #808080;\" href=\"http:\/\/reconversionscsc.be\/index.php\/activites-et-services\/\">Activit\u00e9s et services<\/a><\/span><\/p><p><span style=\"color: #808080;\"><a style=\"color: #808080;\" href=\"http:\/\/reconversionscsc.be\/index.php\/laccompagnement-2\/\">L&#8217;accompagnement<\/a><\/span><\/p><p><span style=\"color: #808080;\"><a style=\"color: #808080;\" href=\"http:\/\/reconversionscsc.be\/index.php\/le-partenariat\/\">Nos partenaires<\/a><\/span><\/p>\t\t\t\t\t<\/div>\n\t\t\t\t\t\t<\/div>\n\t\t\t\t<\/div>\n\t\t\t\t\t\t<\/div>\n\t\t\t\t\t<\/div>\n\t\t<\/div>\n\t\t\t\t<div class=\"elementor-column elementor-col-11 elementor-top-column elementor-element elementor-element-e862bbb\" data-id=\"e862bbb\" data-element_type=\"column\">\n\t\t\t<div class=\"elementor-column-wrap\">\n\t\t\t\t\t\t\t<div class=\"elementor-widget-wrap\">\n\t\t\t\t\t\t\t\t<\/div>\n\t\t\t\t\t<\/div>\n\t\t<\/div>\n\t\t\t\t<div class=\"elementor-column elementor-col-11 elementor-top-column elementor-element elementor-element-480490c\" data-id=\"480490c\" data-element_type=\"column\">\n\t\t\t<div class=\"elementor-column-wrap elementor-element-populated\">\n\t\t\t\t\t\t\t<div class=\"elementor-widget-wrap\">\n\t\t\t\t\t\t<div class=\"elementor-element elementor-element-edcd769 elementor-widget elementor-widget-text-editor\" data-id=\"edcd769\" data-element_type=\"widget\" data-widget_type=\"text-editor.default\">\n\t\t\t\t<div class=\"elementor-widget-container\">\n\t\t\t\t\t\t\t\t<div class=\"elementor-text-editor elementor-clearfix\">\n\t\t\t\t<p><span style=\"color: #14ab7a;\">L&#8217;ANTICIPATION DE CHANGEMENT<\/span><\/p><p><span style=\"color: #808080;\"><a style=\"color: #808080;\" href=\"http:\/\/reconversionscsc.be\/index.php\/projets-europeens\/lanticipation\/conventions-collectives\/\">Anticiper le changement<\/a><\/span><\/p><p><span style=\"color: #808080;\"><a style=\"color: #808080;\" href=\"http:\/\/reconversionscsc.be\/index.php\/projets-europeens\/partenaires\/\">Les acteurs<\/a><\/span><\/p><p><span style=\"color: #808080;\"><a style=\"color: #808080;\" href=\"http:\/\/reconversionscsc.be\/index.php\/projets-europeens\/actions\/\">Bo\u00eete \u00e0 outils<\/a><\/span><\/p><p><span style=\"color: #808080;\"><a style=\"color: #808080;\" href=\"http:\/\/reconversionscsc.be\/index.php\/projets-europeens\/communaute\/\">Partager son exp\u00e9rience<\/a><\/span><\/p>\t\t\t\t\t<\/div>\n\t\t\t\t\t\t<\/div>\n\t\t\t\t<\/div>\n\t\t\t\t\t\t<\/div>\n\t\t\t\t\t<\/div>\n\t\t<\/div>\n\t\t\t\t<div class=\"elementor-column elementor-col-11 elementor-top-column elementor-element elementor-element-5ab9c7f\" data-id=\"5ab9c7f\" data-element_type=\"column\">\n\t\t\t<div class=\"elementor-column-wrap\">\n\t\t\t\t\t\t\t<div class=\"elementor-widget-wrap\">\n\t\t\t\t\t\t\t\t<\/div>\n\t\t\t\t\t<\/div>\n\t\t<\/div>\n\t\t\t\t<div class=\"elementor-column elementor-col-11 elementor-top-column elementor-element elementor-element-de005ed\" data-id=\"de005ed\" data-element_type=\"column\">\n\t\t\t<div class=\"elementor-column-wrap elementor-element-populated\">\n\t\t\t\t\t\t\t<div class=\"elementor-widget-wrap\">\n\t\t\t\t\t\t<div class=\"elementor-element elementor-element-92ff062 elementor-widget elementor-widget-text-editor\" data-id=\"92ff062\" data-element_type=\"widget\" data-widget_type=\"text-editor.default\">\n\t\t\t\t<div class=\"elementor-widget-container\">\n\t\t\t\t\t\t\t\t<div class=\"elementor-text-editor elementor-clearfix\">\n\t\t\t\t<p><span style=\"color: #14ab7a;\">NOUS CONTACTER<\/span><\/p>\t\t\t\t\t<\/div>\n\t\t\t\t\t\t<\/div>\n\t\t\t\t<\/div>\n\t\t\t\t<div class=\"elementor-element elementor-element-683b1e4 elementor-icon-list--layout-traditional elementor-list-item-link-full_width elementor-widget elementor-widget-icon-list\" data-id=\"683b1e4\" data-element_type=\"widget\" data-widget_type=\"icon-list.default\">\n\t\t\t\t<div class=\"elementor-widget-container\">\n\t\t\t\t\t<ul class=\"elementor-icon-list-items\">\n\t\t\t\t\t\t\t<li class=\"elementor-icon-list-item\">\n\t\t\t\t\t\t\t\t\t\t\t<span class=\"elementor-icon-list-icon\">\n\t\t\t\t\t\t\t<i aria-hidden=\"true\" class=\"far fa-envelope\"><\/i>\t\t\t\t\t\t<\/span>\n\t\t\t\t\t\t\t\t\t\t<span class=\"elementor-icon-list-text\">reconversionscsc@resoasbl.be<\/span>\n\t\t\t\t\t\t\t\t\t<\/li>\n\t\t\t\t\t\t\t\t<li class=\"elementor-icon-list-item\">\n\t\t\t\t\t\t\t\t\t\t\t<span class=\"elementor-icon-list-icon\">\n\t\t\t\t\t\t\t<i aria-hidden=\"true\" class=\"fas fa-phone-alt\"><\/i>\t\t\t\t\t\t<\/span>\n\t\t\t\t\t\t\t\t\t\t<span class=\"elementor-icon-list-text\">071\/23.08.09<\/span>\n\t\t\t\t\t\t\t\t\t<\/li>\n\t\t\t\t\t\t\t\t<li class=\"elementor-icon-list-item\">\n\t\t\t\t\t\t\t\t\t\t\t<span class=\"elementor-icon-list-icon\">\n\t\t\t\t\t\t\t<i aria-hidden=\"true\" class=\"fas fa-map-marker-alt\"><\/i>\t\t\t\t\t\t<\/span>\n\t\t\t\t\t\t\t\t\t\t<span class=\"elementor-icon-list-text\">5, rue Prunieau 6000 Charleroi<\/span>\n\t\t\t\t\t\t\t\t\t<\/li>\n\t\t\t\t\t\t<\/ul>\n\t\t\t\t<\/div>\n\t\t\t\t<\/div>\n\t\t\t\t\t\t<\/div>\n\t\t\t\t\t<\/div>\n\t\t<\/div>\n\t\t\t\t<div class=\"elementor-column elementor-col-11 elementor-top-column elementor-element elementor-element-f464bc1\" data-id=\"f464bc1\" data-element_type=\"column\">\n\t\t\t<div class=\"elementor-column-wrap\">\n\t\t\t\t\t\t\t<div class=\"elementor-widget-wrap\">\n\t\t\t\t\t\t\t\t<\/div>\n\t\t\t\t\t<\/div>\n\t\t<\/div>\n\t\t\t\t<div class=\"elementor-column elementor-col-11 elementor-top-column elementor-element elementor-element-4c1d13a\" data-id=\"4c1d13a\" data-element_type=\"column\">\n\t\t\t<div class=\"elementor-column-wrap elementor-element-populated\">\n\t\t\t\t\t\t\t<div class=\"elementor-widget-wrap\">\n\t\t\t\t\t\t<div class=\"elementor-element elementor-element-7f59538 elementor-widget elementor-widget-text-editor\" data-id=\"7f59538\" data-element_type=\"widget\" data-widget_type=\"text-editor.default\">\n\t\t\t\t<div class=\"elementor-widget-container\">\n\t\t\t\t\t\t\t\t<div class=\"elementor-text-editor elementor-clearfix\">\n\t\t\t\t<p><span style=\"color: #14ab7a;\">REJOIGNEZ-NOUS !<\/span><\/p><p>Vous \u00eates d\u00e9l\u00e9gu\u00e9 syndical, accompagnateur social ? Inscrivez-vous \u00e0 notre site et b\u00e9n\u00e9ficiez d&#8217;outils qui vous aideront dans votre mission !<\/p>\t\t\t\t\t<\/div>\n\t\t\t\t\t\t<\/div>\n\t\t\t\t<\/div>\n\t\t\t\t<div class=\"elementor-element elementor-element-589708d elementor-align-left elementor-tablet-align-center elementor-mobile-align-center elementor-widget elementor-widget-button\" data-id=\"589708d\" data-element_type=\"widget\" data-widget_type=\"button.default\">\n\t\t\t\t<div class=\"elementor-widget-container\">\n\t\t\t\t\t<div class=\"elementor-button-wrapper\">\n\t\t\t<a href=\"http:\/\/reconversionscsc.be\/index.php\/register\/\" class=\"elementor-button-link elementor-button elementor-size-sm\" role=\"button\">\n\t\t\t\t\t\t<span class=\"elementor-button-content-wrapper\">\n\t\t\t\t\t\t\t<span class=\"elementor-button-icon elementor-align-icon-right\">\n\t\t\t\t<i aria-hidden=\"true\" class=\"fas fa-caret-right\"><\/i>\t\t\t<\/span>\n\t\t\t\t\t\t<span class=\"elementor-button-text\">Je m'inscris<\/span>\n\t\t<\/span>\n\t\t\t\t\t<\/a>\n\t\t<\/div>\n\t\t\t\t<\/div>\n\t\t\t\t<\/div>\n\t\t\t\t\t\t<\/div>\n\t\t\t\t\t<\/div>\n\t\t<\/div>\n\t\t\t\t<div class=\"elementor-column elementor-col-11 elementor-top-column elementor-element elementor-element-4e7832d\" data-id=\"4e7832d\" data-element_type=\"column\">\n\t\t\t<div class=\"elementor-column-wrap\">\n\t\t\t\t\t\t\t<div class=\"elementor-widget-wrap\">\n\t\t\t\t\t\t\t\t<\/div>\n\t\t\t\t\t<\/div>\n\t\t<\/div>\n\t\t\t\t\t\t\t\t<\/div>\n\t\t\t\t\t<\/div>\n\t\t<\/section>\n\t\t\t\t\t\t\t\t\t<\/div>\n\t\t\t<\/div>\n\t\t\t\t\t<\/div>\n\t\t","protected":false},"excerpt":{"rendered":"<p>strat\u00e9gie pr\u00e9ventive L&#8217;anticipation du changement : une solution pour les entreprises ? PLUS D&#8217;INFOS http:\/\/reconversionscsc.be\/wp-content\/uploads\/2019\/08\/Anticipation-2-1.mp4 CELLULES DE RECONVERSION Qu&#8217;est-ce qu&#8217;une cellule ? Activit\u00e9s et services L&#8217;accompagnement Nos partenaires L&#8217;ANTICIPATION DE CHANGEMENT Anticiper le changement Les acteurs Bo\u00eete \u00e0 outils Partager son exp\u00e9rience NOUS CONTACTER reconversionscsc@resoasbl.be 071\/23.08.09 5, rue Prunieau 6000 Charleroi REJOIGNEZ-NOUS ! Vous \u00eates&hellip;<\/p>\n","protected":false},"author":1,"featured_media":0,"parent":186,"menu_order":0,"comment_status":"closed","ping_status":"closed","template":"","meta":[],"yoast_head":"<!-- This site is optimized with the Yoast SEO plugin v20.2.1 - https:\/\/yoast.com\/wordpress\/plugins\/seo\/ -->\n<title>Cellules de reconversion - Je d\u00e9couvre<\/title>\n<meta name=\"description\" content=\"L&#039;anticipation est, pour les entreprises, une strat\u00e9gie visant \u00e0 r\u00e9duire au maximum les cons\u00e9quences n\u00e9gatives d&#039;un licenciement collectif.\" \/>\n<meta name=\"robots\" content=\"index, follow, max-snippet:-1, max-image-preview:large, max-video-preview:-1\" \/>\n<link rel=\"canonical\" href=\"https:\/\/reconversionscsc.be\/index.php\/projets-europeens\/lanticipation\/conventions-collectives\/\" \/>\n<meta property=\"og:locale\" content=\"fr_FR\" \/>\n<meta property=\"og:type\" content=\"article\" \/>\n<meta property=\"og:title\" content=\"Cellules de reconversion - Je d\u00e9couvre\" \/>\n<meta property=\"og:description\" content=\"L&#039;anticipation est, pour les entreprises, une strat\u00e9gie visant \u00e0 r\u00e9duire au maximum les cons\u00e9quences n\u00e9gatives d&#039;un licenciement collectif.\" \/>\n<meta property=\"og:url\" content=\"https:\/\/reconversionscsc.be\/index.php\/projets-europeens\/lanticipation\/conventions-collectives\/\" \/>\n<meta property=\"og:site_name\" content=\"Cellules de reconversion\" \/>\n<meta property=\"article:modified_time\" content=\"2019-10-02T08:38:23+00:00\" \/>\n<meta name=\"twitter:card\" content=\"summary_large_image\" \/>\n<script type=\"application\/ld+json\" class=\"yoast-schema-graph\">{\"@context\":\"https:\/\/schema.org\",\"@graph\":[{\"@type\":\"WebPage\",\"@id\":\"https:\/\/reconversionscsc.be\/index.php\/projets-europeens\/lanticipation\/conventions-collectives\/\",\"url\":\"https:\/\/reconversionscsc.be\/index.php\/projets-europeens\/lanticipation\/conventions-collectives\/\",\"name\":\"Cellules de reconversion - Je d\u00e9couvre\",\"isPartOf\":{\"@id\":\"https:\/\/reconversionscsc.be\/#website\"},\"datePublished\":\"2018-03-16T10:29:37+00:00\",\"dateModified\":\"2019-10-02T08:38:23+00:00\",\"description\":\"L'anticipation est, pour les entreprises, une strat\u00e9gie visant \u00e0 r\u00e9duire au maximum les cons\u00e9quences n\u00e9gatives d'un licenciement collectif.\",\"breadcrumb\":{\"@id\":\"https:\/\/reconversionscsc.be\/index.php\/projets-europeens\/lanticipation\/conventions-collectives\/#breadcrumb\"},\"inLanguage\":\"fr-FR\",\"potentialAction\":[{\"@type\":\"ReadAction\",\"target\":[\"https:\/\/reconversionscsc.be\/index.php\/projets-europeens\/lanticipation\/conventions-collectives\/\"]}]},{\"@type\":\"BreadcrumbList\",\"@id\":\"https:\/\/reconversionscsc.be\/index.php\/projets-europeens\/lanticipation\/conventions-collectives\/#breadcrumb\",\"itemListElement\":[{\"@type\":\"ListItem\",\"position\":1,\"name\":\"Accueil\",\"item\":\"https:\/\/reconversionscsc.be\/\"},{\"@type\":\"ListItem\",\"position\":2,\"name\":\"J&#8217;ose le changement\",\"item\":\"https:\/\/reconversionscsc.be\/index.php\/projets-europeens\/\"},{\"@type\":\"ListItem\",\"position\":3,\"name\":\"L&#8217;anticipation\",\"item\":\"https:\/\/reconversionscsc.be\/index.php\/projets-europeens\/lanticipation\/\"},{\"@type\":\"ListItem\",\"position\":4,\"name\":\"Je d\u00e9couvre\"}]},{\"@type\":\"WebSite\",\"@id\":\"https:\/\/reconversionscsc.be\/#website\",\"url\":\"https:\/\/reconversionscsc.be\/\",\"name\":\"Cellules de reconversion\",\"description\":\"\",\"publisher\":{\"@id\":\"https:\/\/reconversionscsc.be\/#organization\"},\"potentialAction\":[{\"@type\":\"SearchAction\",\"target\":{\"@type\":\"EntryPoint\",\"urlTemplate\":\"https:\/\/reconversionscsc.be\/?s={search_term_string}\"},\"query-input\":\"required name=search_term_string\"}],\"inLanguage\":\"fr-FR\"},{\"@type\":\"Organization\",\"@id\":\"https:\/\/reconversionscsc.be\/#organization\",\"name\":\"Cellules de reconversion\",\"url\":\"https:\/\/reconversionscsc.be\/\",\"logo\":{\"@type\":\"ImageObject\",\"inLanguage\":\"fr-FR\",\"@id\":\"https:\/\/reconversionscsc.be\/#\/schema\/logo\/image\/\",\"url\":\"https:\/\/reconversionscsc.be\/wp-content\/uploads\/2019\/09\/cropped-Reso_logo-1.jpg\",\"contentUrl\":\"https:\/\/reconversionscsc.be\/wp-content\/uploads\/2019\/09\/cropped-Reso_logo-1.jpg\",\"width\":1106,\"height\":676,\"caption\":\"Cellules de reconversion\"},\"image\":{\"@id\":\"https:\/\/reconversionscsc.be\/#\/schema\/logo\/image\/\"}}]}<\/script>\n<!-- \/ Yoast SEO plugin. -->","yoast_head_json":{"title":"Cellules de reconversion - Je d\u00e9couvre","description":"L'anticipation est, pour les entreprises, une strat\u00e9gie visant \u00e0 r\u00e9duire au maximum les cons\u00e9quences n\u00e9gatives d'un licenciement collectif.","robots":{"index":"index","follow":"follow","max-snippet":"max-snippet:-1","max-image-preview":"max-image-preview:large","max-video-preview":"max-video-preview:-1"},"canonical":"https:\/\/reconversionscsc.be\/index.php\/projets-europeens\/lanticipation\/conventions-collectives\/","og_locale":"fr_FR","og_type":"article","og_title":"Cellules de reconversion - Je d\u00e9couvre","og_description":"L'anticipation est, pour les entreprises, une strat\u00e9gie visant \u00e0 r\u00e9duire au maximum les cons\u00e9quences n\u00e9gatives d'un licenciement collectif.","og_url":"https:\/\/reconversionscsc.be\/index.php\/projets-europeens\/lanticipation\/conventions-collectives\/","og_site_name":"Cellules de reconversion","article_modified_time":"2019-10-02T08:38:23+00:00","twitter_card":"summary_large_image","schema":{"@context":"https:\/\/schema.org","@graph":[{"@type":"WebPage","@id":"https:\/\/reconversionscsc.be\/index.php\/projets-europeens\/lanticipation\/conventions-collectives\/","url":"https:\/\/reconversionscsc.be\/index.php\/projets-europeens\/lanticipation\/conventions-collectives\/","name":"Cellules de reconversion - Je d\u00e9couvre","isPartOf":{"@id":"https:\/\/reconversionscsc.be\/#website"},"datePublished":"2018-03-16T10:29:37+00:00","dateModified":"2019-10-02T08:38:23+00:00","description":"L'anticipation est, pour les entreprises, une strat\u00e9gie visant \u00e0 r\u00e9duire au maximum les cons\u00e9quences n\u00e9gatives d'un licenciement collectif.","breadcrumb":{"@id":"https:\/\/reconversionscsc.be\/index.php\/projets-europeens\/lanticipation\/conventions-collectives\/#breadcrumb"},"inLanguage":"fr-FR","potentialAction":[{"@type":"ReadAction","target":["https:\/\/reconversionscsc.be\/index.php\/projets-europeens\/lanticipation\/conventions-collectives\/"]}]},{"@type":"BreadcrumbList","@id":"https:\/\/reconversionscsc.be\/index.php\/projets-europeens\/lanticipation\/conventions-collectives\/#breadcrumb","itemListElement":[{"@type":"ListItem","position":1,"name":"Accueil","item":"https:\/\/reconversionscsc.be\/"},{"@type":"ListItem","position":2,"name":"J&#8217;ose le changement","item":"https:\/\/reconversionscsc.be\/index.php\/projets-europeens\/"},{"@type":"ListItem","position":3,"name":"L&#8217;anticipation","item":"https:\/\/reconversionscsc.be\/index.php\/projets-europeens\/lanticipation\/"},{"@type":"ListItem","position":4,"name":"Je d\u00e9couvre"}]},{"@type":"WebSite","@id":"https:\/\/reconversionscsc.be\/#website","url":"https:\/\/reconversionscsc.be\/","name":"Cellules de reconversion","description":"","publisher":{"@id":"https:\/\/reconversionscsc.be\/#organization"},"potentialAction":[{"@type":"SearchAction","target":{"@type":"EntryPoint","urlTemplate":"https:\/\/reconversionscsc.be\/?s={search_term_string}"},"query-input":"required name=search_term_string"}],"inLanguage":"fr-FR"},{"@type":"Organization","@id":"https:\/\/reconversionscsc.be\/#organization","name":"Cellules de reconversion","url":"https:\/\/reconversionscsc.be\/","logo":{"@type":"ImageObject","inLanguage":"fr-FR","@id":"https:\/\/reconversionscsc.be\/#\/schema\/logo\/image\/","url":"https:\/\/reconversionscsc.be\/wp-content\/uploads\/2019\/09\/cropped-Reso_logo-1.jpg","contentUrl":"https:\/\/reconversionscsc.be\/wp-content\/uploads\/2019\/09\/cropped-Reso_logo-1.jpg","width":1106,"height":676,"caption":"Cellules de reconversion"},"image":{"@id":"https:\/\/reconversionscsc.be\/#\/schema\/logo\/image\/"}}]}},"_links":{"self":[{"href":"https:\/\/reconversionscsc.be\/index.php\/wp-json\/wp\/v2\/pages\/202"}],"collection":[{"href":"https:\/\/reconversionscsc.be\/index.php\/wp-json\/wp\/v2\/pages"}],"about":[{"href":"https:\/\/reconversionscsc.be\/index.php\/wp-json\/wp\/v2\/types\/page"}],"author":[{"embeddable":true,"href":"https:\/\/reconversionscsc.be\/index.php\/wp-json\/wp\/v2\/users\/1"}],"replies":[{"embeddable":true,"href":"https:\/\/reconversionscsc.be\/index.php\/wp-json\/wp\/v2\/comments?post=202"}],"version-history":[{"count":11,"href":"https:\/\/reconversionscsc.be\/index.php\/wp-json\/wp\/v2\/pages\/202\/revisions"}],"predecessor-version":[{"id":1391,"href":"https:\/\/reconversionscsc.be\/index.php\/wp-json\/wp\/v2\/pages\/202\/revisions\/1391"}],"up":[{"embeddable":true,"href":"https:\/\/reconversionscsc.be\/index.php\/wp-json\/wp\/v2\/pages\/186"}],"wp:attachment":[{"href":"https:\/\/reconversionscsc.be\/index.php\/wp-json\/wp\/v2\/media?parent=202"}],"curies":[{"name":"wp","href":"https:\/\/api.w.org\/{rel}","templated":true}]}}